{"id":3636,"date":"2019-03-11T19:47:42","date_gmt":"2019-03-11T18:47:42","guid":{"rendered":"http:\/\/www.weingut-diwald.at\/de\/home\/?page_id=3636"},"modified":"2022-09-21T08:35:46","modified_gmt":"2022-09-21T06:35:46","slug":"personen-geschichte-philosophie","status":"publish","type":"page","link":"https:\/\/www.weingut-diwald.at\/de\/home\/personen-geschichte-philosophie\/","title":{"rendered":"Personen | Geschichte | Philosophie"},"content":{"rendered":"<div id='av_section_1'  class='avia-section av-wcb5ja-185ff54fa1dbacc0d2a4344e6fc36872 main_color avia-section-small avia-no-border-styling  avia-builder-el-0  el_before_av_one_full  avia-builder-el-first  avia-bg-style-scroll container_wrap fullsize'  ><div class='container av-section-cont-open' ><main  role=\"main\" itemprop=\"mainContentOfPage\"  class='template-page content  av-content-full alpha units'><div class='post-entry post-entry-type-page post-entry-3636'><div class='entry-content-wrapper clearfix'>\n<div  class='avia-slideshow av-v3xpti-009665650d4be9e1250ef1829930f507 avia-slideshow-no scaling av_slideshow avia-slide-slider  avia-builder-el-1  avia-builder-el-no-sibling  av-slideshow-ui av-slideshow-autoplay av-loop-endless av-loop-manual-endless av-default-height-applied avia-slideshow-1' data-slideshow-options=\"{&quot;animation&quot;:&quot;slide&quot;,&quot;autoplay&quot;:true,&quot;loop_autoplay&quot;:&quot;endless&quot;,&quot;interval&quot;:10,&quot;loop_manual&quot;:&quot;manual-endless&quot;,&quot;autoplay_stopper&quot;:false,&quot;noNavigation&quot;:false,&quot;bg_slider&quot;:false,&quot;keep_padding&quot;:false,&quot;hoverpause&quot;:false,&quot;show_slide_delay&quot;:0}\"  itemprop=\"image\" itemscope=\"itemscope\" itemtype=\"https:\/\/schema.org\/ImageObject\" ><ul class='avia-slideshow-inner ' style='padding-bottom: 57.6%;'><li  class='avia-slideshow-slide av-v3xpti-009665650d4be9e1250ef1829930f507__0  slide-1 slide-odd'><div data-rel='slideshow-1' class='avia-slide-wrap '   ><img decoding=\"async\" fetchpriority=\"high\" class=\"wp-image-498 avia-img-lazy-loading-not-498\"  src=\"https:\/\/www.weingut-diwald.at\/wp-content\/uploads\/2015\/12\/Bioweingut_Diwald_Weinberg.jpg\" width=\"1000\" height=\"576\" title='Bioweingut_Diwald_Weinberg' alt='Bio Weingut Martin &amp; Ulli Diwald'  itemprop=\"thumbnailUrl\" srcset=\"https:\/\/www.weingut-diwald.at\/wp-content\/uploads\/2015\/12\/Bioweingut_Diwald_Weinberg.jpg 1000w, https:\/\/www.weingut-diwald.at\/wp-content\/uploads\/2015\/12\/Bioweingut_Diwald_Weinberg-300x173.jpg 300w, https:\/\/www.weingut-diwald.at\/wp-content\/uploads\/2015\/12\/Bioweingut_Diwald_Weinberg-705x406.jpg 705w, https:\/\/www.weingut-diwald.at\/wp-content\/uploads\/2015\/12\/Bioweingut_Diwald_Weinberg-450x259.jpg 450w\" sizes=\"(max-width: 1000px) 100vw, 1000px\" \/><\/div><\/li><li  class='avia-slideshow-slide av-v3xpti-009665650d4be9e1250ef1829930f507__1  slide-2 slide-even'><div data-rel='slideshow-1' class='avia-slide-wrap '   ><img decoding=\"async\" fetchpriority=\"high\" class=\"wp-image-495 avia-img-lazy-loading-not-495\"  src=\"https:\/\/www.weingut-diwald.at\/wp-content\/uploads\/2015\/12\/Bioweingut_Diwald_Martin_Ulli.jpg\" width=\"1000\" height=\"576\" title='Bioweingut Diwald Martin Ulli' alt='Bioweingut_Diwald_Martin_Ulli'  itemprop=\"thumbnailUrl\" srcset=\"https:\/\/www.weingut-diwald.at\/wp-content\/uploads\/2015\/12\/Bioweingut_Diwald_Martin_Ulli.jpg 1000w, https:\/\/www.weingut-diwald.at\/wp-content\/uploads\/2015\/12\/Bioweingut_Diwald_Martin_Ulli-300x173.jpg 300w, https:\/\/www.weingut-diwald.at\/wp-content\/uploads\/2015\/12\/Bioweingut_Diwald_Martin_Ulli-705x406.jpg 705w, https:\/\/www.weingut-diwald.at\/wp-content\/uploads\/2015\/12\/Bioweingut_Diwald_Martin_Ulli-450x259.jpg 450w\" sizes=\"(max-width: 1000px) 100vw, 1000px\" \/><\/div><\/li><li  class='avia-slideshow-slide av-v3xpti-009665650d4be9e1250ef1829930f507__2  slide-3 slide-odd'><div data-rel='slideshow-1' class='avia-slide-wrap '   ><img decoding=\"async\" fetchpriority=\"high\" class=\"wp-image-493 avia-img-lazy-loading-not-493\"  src=\"https:\/\/www.weingut-diwald.at\/wp-content\/uploads\/2015\/12\/Bioweingut_Diwald_Kellergeister.jpg\" width=\"1000\" height=\"576\" title='Diwald Kellergeister' alt='Bioweingut_Diwald_Kellergeister'  itemprop=\"thumbnailUrl\" srcset=\"https:\/\/www.weingut-diwald.at\/wp-content\/uploads\/2015\/12\/Bioweingut_Diwald_Kellergeister.jpg 1000w, https:\/\/www.weingut-diwald.at\/wp-content\/uploads\/2015\/12\/Bioweingut_Diwald_Kellergeister-300x173.jpg 300w, https:\/\/www.weingut-diwald.at\/wp-content\/uploads\/2015\/12\/Bioweingut_Diwald_Kellergeister-705x406.jpg 705w, https:\/\/www.weingut-diwald.at\/wp-content\/uploads\/2015\/12\/Bioweingut_Diwald_Kellergeister-450x259.jpg 450w\" sizes=\"(max-width: 1000px) 100vw, 1000px\" \/><\/div><\/li><li  class='avia-slideshow-slide av-v3xpti-009665650d4be9e1250ef1829930f507__3  slide-4 slide-even'><div data-rel='slideshow-1' class='avia-slide-wrap '   ><img decoding=\"async\" fetchpriority=\"high\" class=\"wp-image-3578 avia-img-lazy-loading-not-3578\"  src=\"https:\/\/www.weingut-diwald.at\/wp-content\/uploads\/2016\/02\/Bioweingut_Diwald_Martin_Diwald_a.jpg\" width=\"1000\" height=\"576\" title='Bioweingut_Diwald_Martin_Diwald_a' alt=''  itemprop=\"thumbnailUrl\" srcset=\"https:\/\/www.weingut-diwald.at\/wp-content\/uploads\/2016\/02\/Bioweingut_Diwald_Martin_Diwald_a.jpg 1000w, https:\/\/www.weingut-diwald.at\/wp-content\/uploads\/2016\/02\/Bioweingut_Diwald_Martin_Diwald_a-300x173.jpg 300w, https:\/\/www.weingut-diwald.at\/wp-content\/uploads\/2016\/02\/Bioweingut_Diwald_Martin_Diwald_a-705x406.jpg 705w, https:\/\/www.weingut-diwald.at\/wp-content\/uploads\/2016\/02\/Bioweingut_Diwald_Martin_Diwald_a-450x259.jpg 450w\" sizes=\"(max-width: 1000px) 100vw, 1000px\" \/><\/div><\/li><li  class='avia-slideshow-slide av-v3xpti-009665650d4be9e1250ef1829930f507__4  slide-5 slide-odd'><div data-rel='slideshow-1' class='avia-slide-wrap '   ><img decoding=\"async\" fetchpriority=\"high\" class=\"wp-image-492 avia-img-lazy-loading-not-492\"  src=\"https:\/\/www.weingut-diwald.at\/wp-content\/uploads\/2015\/12\/Bioweingut_Diwald_Keller.jpg\" width=\"1000\" height=\"576\" title='Bioweingut Diwald Weinkeller' alt='Bioweingut_Diwald_Keller'  itemprop=\"thumbnailUrl\" srcset=\"https:\/\/www.weingut-diwald.at\/wp-content\/uploads\/2015\/12\/Bioweingut_Diwald_Keller.jpg 1000w, https:\/\/www.weingut-diwald.at\/wp-content\/uploads\/2015\/12\/Bioweingut_Diwald_Keller-300x173.jpg 300w, https:\/\/www.weingut-diwald.at\/wp-content\/uploads\/2015\/12\/Bioweingut_Diwald_Keller-705x406.jpg 705w, https:\/\/www.weingut-diwald.at\/wp-content\/uploads\/2015\/12\/Bioweingut_Diwald_Keller-450x259.jpg 450w\" sizes=\"(max-width: 1000px) 100vw, 1000px\" \/><\/div><\/li><li  class='avia-slideshow-slide av-v3xpti-009665650d4be9e1250ef1829930f507__5  slide-6 slide-even'><div data-rel='slideshow-1' class='avia-slide-wrap '   ><img decoding=\"async\" fetchpriority=\"high\" class=\"wp-image-497 avia-img-lazy-loading-not-497\"  src=\"https:\/\/www.weingut-diwald.at\/wp-content\/uploads\/2015\/12\/Bioweingut_Diwald_Wagram.jpg\" width=\"1000\" height=\"576\" title='Bioweingut Diwald Wagram' alt='Bioweingut_Diwald_Wagram'  itemprop=\"thumbnailUrl\" srcset=\"https:\/\/www.weingut-diwald.at\/wp-content\/uploads\/2015\/12\/Bioweingut_Diwald_Wagram.jpg 1000w, https:\/\/www.weingut-diwald.at\/wp-content\/uploads\/2015\/12\/Bioweingut_Diwald_Wagram-300x173.jpg 300w, https:\/\/www.weingut-diwald.at\/wp-content\/uploads\/2015\/12\/Bioweingut_Diwald_Wagram-705x406.jpg 705w, https:\/\/www.weingut-diwald.at\/wp-content\/uploads\/2015\/12\/Bioweingut_Diwald_Wagram-450x259.jpg 450w\" sizes=\"(max-width: 1000px) 100vw, 1000px\" \/><\/div><\/li><\/ul><div class='avia-slideshow-arrows avia-slideshow-controls' ><a href='#prev' class='prev-slide  avia-svg-icon avia-font-svg_entypo-fontello' data-av_svg_icon='left-open-big' data-av_iconset='svg_entypo-fontello' tabindex='-1' title=\"Zur\u00fcck\"><svg version=\"1.1\" xmlns=\"http:\/\/www.w3.org\/2000\/svg\" width=\"15\" height=\"32\" viewBox=\"0 0 15 32\" preserveAspectRatio=\"xMidYMid meet\" aria-labelledby='av-svg-title-1' aria-describedby='av-svg-desc-1' role=\"graphics-symbol\" aria-hidden=\"true\">\n<title id='av-svg-title-1'>Zur\u00fcck<\/title>\n<desc id='av-svg-desc-1'>Zur\u00fcck<\/desc>\n<path d=\"M14.464 27.84q0.832 0.832 0 1.536-0.832 0.832-1.536 0l-12.544-12.608q-0.768-0.768 0-1.6l12.544-12.608q0.704-0.832 1.536 0 0.832 0.704 0 1.536l-11.456 11.904z\"><\/path>\n<\/svg><span class='avia_hidden_link_text'>Zur\u00fcck<\/span><\/a><a href='#next' class='next-slide  avia-svg-icon avia-font-svg_entypo-fontello' data-av_svg_icon='right-open-big' data-av_iconset='svg_entypo-fontello' tabindex='-1' title=\"Weiter\"><svg version=\"1.1\" xmlns=\"http:\/\/www.w3.org\/2000\/svg\" width=\"15\" height=\"32\" viewBox=\"0 0 15 32\" preserveAspectRatio=\"xMidYMid meet\" aria-labelledby='av-svg-title-2' aria-describedby='av-svg-desc-2' role=\"graphics-symbol\" aria-hidden=\"true\">\n<title id='av-svg-title-2'>Weiter<\/title>\n<desc id='av-svg-desc-2'>Weiter<\/desc>\n<path d=\"M0.416 27.84l11.456-11.84-11.456-11.904q-0.832-0.832 0-1.536 0.832-0.832 1.536 0l12.544 12.608q0.768 0.832 0 1.6l-12.544 12.608q-0.704 0.832-1.536 0-0.832-0.704 0-1.536z\"><\/path>\n<\/svg><span class='avia_hidden_link_text'>Weiter<\/span><\/a><\/div><div class='avia-slideshow-dots avia-slideshow-controls'><a href='#1' class='goto-slide active' >1<\/a><a href='#2' class='goto-slide ' >2<\/a><a href='#3' class='goto-slide ' >3<\/a><a href='#4' class='goto-slide ' >4<\/a><a href='#5' class='goto-slide ' >5<\/a><a href='#6' class='goto-slide ' >6<\/a><\/div><\/div>\n<\/div><\/div><\/main><!-- close content main element --><\/div><\/div><div id='after_section_1'  class='main_color av_default_container_wrap container_wrap fullsize'  ><div class='container av-section-cont-open' ><div class='template-page content  av-content-full alpha units'><div class='post-entry post-entry-type-page post-entry-3636'><div class='entry-content-wrapper clearfix'>\n\n<style type=\"text\/css\" data-created_by=\"avia_inline_auto\" id=\"style-css-av-im7ili-d1896b9174dfd0c82d4a8b77fe02402e\">\n.flex_column.av-im7ili-d1896b9174dfd0c82d4a8b77fe02402e{\nborder-radius:0px 0px 0px 0px;\npadding:0px 0px 0px 0px;\n}\n<\/style>\n<div  class='flex_column av-im7ili-d1896b9174dfd0c82d4a8b77fe02402e av_one_full  avia-builder-el-2  el_after_av_section  avia-builder-el-no-sibling  first flex_column_div av-zero-column-padding  '     ><p>\n<style type=\"text\/css\" data-created_by=\"avia_inline_auto\" id=\"style-css-av-5kdq5w-81295acb3d0368e7949c0b100bf5b741\">\n#top .av-special-heading.av-5kdq5w-81295acb3d0368e7949c0b100bf5b741{\npadding-bottom:0;\n}\nbody .av-special-heading.av-5kdq5w-81295acb3d0368e7949c0b100bf5b741 .av-special-heading-tag .heading-char{\nfont-size:25px;\n}\n.av-special-heading.av-5kdq5w-81295acb3d0368e7949c0b100bf5b741 .av-subheading{\nfont-size:15px;\n}\n<\/style>\n<div  class='av-special-heading av-5kdq5w-81295acb3d0368e7949c0b100bf5b741 av-special-heading-h4 blockquote modern-quote modern-centered  avia-builder-el-3  el_before_av_textblock  avia-builder-el-first '><h4 class='av-special-heading-tag '  itemprop=\"headline\"  >\u00bbWeingut Diwald\u00ab<\/h4><div class=\"special-heading-border\"><div class=\"special-heading-inner-border\"><\/div><\/div><\/div><br \/>\n\n<style type=\"text\/css\" data-created_by=\"avia_inline_auto\" id=\"style-css-av-f5nmue-2fe5e35b77ec4765953a9cd72af59156\">\n#top .av_textblock_section.av-f5nmue-2fe5e35b77ec4765953a9cd72af59156 .avia_textblock{\nfont-size:18px;\n}\n<\/style>\n<section  class='av_textblock_section av-f5nmue-2fe5e35b77ec4765953a9cd72af59156 '   itemscope=\"itemscope\" itemtype=\"https:\/\/schema.org\/CreativeWork\" ><div class='avia_textblock'  itemprop=\"text\" ><p>Wir sind Pioniere des \u00f6sterreichischen Bioweinbaus. Unsere Wurzeln liegen im Weinbaugebiet Wagram und mittlerweile haben die Jungen die Verantwortung \u00fcbernommen. Wir m\u00f6gen Gr\u00fcner Veltliner und Riesling. Wir m\u00f6gen aber auch seltene Sorten, wie den Fr\u00fchroten Veltliner und wir lieben k\u00fchle, erfrischende Rotweine. Was wir nicht m\u00f6gen sind \u201eBarbiepuppenweine\u201c und Glashausparadeiser. Die N\u00e4he zur Natur macht es uns m\u00f6glich, im Keller so wenig wie m\u00f6glich zu intervenieren. Viel Kopf und Gesp\u00fcr, Geduld und die Liebe zum Wein, mehr braucht\u2018s nicht.<\/p>\n<\/div><\/section><br \/>\n\n<style type=\"text\/css\" data-created_by=\"avia_inline_auto\" id=\"style-css-av-ka5bv1et-d3d16ec3142277464fd10e3a267f092b\">\n#top .av-special-heading.av-ka5bv1et-d3d16ec3142277464fd10e3a267f092b{\npadding-bottom:10px;\n}\nbody .av-special-heading.av-ka5bv1et-d3d16ec3142277464fd10e3a267f092b .av-special-heading-tag .heading-char{\nfont-size:25px;\n}\n.av-special-heading.av-ka5bv1et-d3d16ec3142277464fd10e3a267f092b .av-subheading{\nfont-size:15px;\n}\n<\/style>\n<div  class='av-special-heading av-ka5bv1et-d3d16ec3142277464fd10e3a267f092b av-special-heading-h4 blockquote modern-quote modern-centered  avia-builder-el-5  el_after_av_textblock  el_before_av_textblock '><h4 class='av-special-heading-tag '  itemprop=\"headline\"  >\u00bbBiologischer Weinbau seit 1976\u00ab<\/h4><div class=\"special-heading-border\"><div class=\"special-heading-inner-border\"><\/div><\/div><\/div><br \/>\n\n<style type=\"text\/css\" data-created_by=\"avia_inline_auto\" id=\"style-css-av-cny1eu-609aa72e2e6c08925609a56d530ef5a5\">\n#top .av_textblock_section.av-cny1eu-609aa72e2e6c08925609a56d530ef5a5 .avia_textblock{\nfont-size:18px;\n}\n<\/style>\n<section  class='av_textblock_section av-cny1eu-609aa72e2e6c08925609a56d530ef5a5 '   itemscope=\"itemscope\" itemtype=\"https:\/\/schema.org\/CreativeWork\" ><div class='avia_textblock'  itemprop=\"text\" ><p>Hans &amp; Paula Diwald wuchsen in den 1960er Jahren auf, beide auf einem Bauernhof. 1972 \u00fcbernahmen sie den Betrieb und strukturierten ihn neu. Ab 1976 wurden die beiden zu wahren Pionieren \u2013 sie unternahmen etwas Undenkbares: die Umstellung auf die biologische Wirtschaftsweise. Eine Zertifizierung gab es noch nicht, lediglich eine Handvoll Gleichgesinnte. Paula und Hans wurden damals bel\u00e4chelt, heute z\u00e4hlen sie zu Pionieren einer ganzen Bewegung. Mittlerweile bearbeitet unser Weingut 20 ha Reben und exportiert in 18 L\u00e4nder auf 3 Kontinenten.<\/p>\n<\/div><\/section><br \/>\n\n<style type=\"text\/css\" data-created_by=\"avia_inline_auto\" id=\"style-css-av-3k8msk-e400bfe6f19575109b11f8e63d7deb0f\">\n#top .av-special-heading.av-3k8msk-e400bfe6f19575109b11f8e63d7deb0f{\npadding-bottom:0;\n}\nbody .av-special-heading.av-3k8msk-e400bfe6f19575109b11f8e63d7deb0f .av-special-heading-tag .heading-char{\nfont-size:25px;\n}\n.av-special-heading.av-3k8msk-e400bfe6f19575109b11f8e63d7deb0f .av-subheading{\nfont-size:15px;\n}\n<\/style>\n<div  class='av-special-heading av-3k8msk-e400bfe6f19575109b11f8e63d7deb0f av-special-heading-h4 blockquote modern-quote modern-centered  avia-builder-el-7  el_after_av_textblock  el_before_av_textblock '><h4 class='av-special-heading-tag '  itemprop=\"headline\"  >\u00bbYoung Blood\u00ab<\/h4><div class=\"special-heading-border\"><div class=\"special-heading-inner-border\"><\/div><\/div><\/div><br \/>\n\n<style type=\"text\/css\" data-created_by=\"avia_inline_auto\" id=\"style-css-av-898y46-3dea32219fb2ff24f0924d33ac35645f\">\n#top .av_textblock_section.av-898y46-3dea32219fb2ff24f0924d33ac35645f .avia_textblock{\nfont-size:18px;\n}\n<\/style>\n<section  class='av_textblock_section av-898y46-3dea32219fb2ff24f0924d33ac35645f '   itemscope=\"itemscope\" itemtype=\"https:\/\/schema.org\/CreativeWork\" ><div class='avia_textblock'  itemprop=\"text\" ><p>Im Jahr 2006 stieg Martin Diwald in den Betrieb ein. Nach seiner Ausbildung an der Weinbauschule in Klosterneuburg und zahlreichen Praktika wurde er sogleich ins kalte Wasser gesto\u00dfen. Die Freude am Experimentieren war gro\u00df und ist seither ungebrochen. Etwa Versuche mit der Spontang\u00e4rung, die so \u00fcberzeugend verliefen, dass bereits in seinem zweiten Jahr s\u00e4mtliche Weine auf diese Weise vergoren wurden.<\/p>\n<\/div><\/section><br \/>\n\n<style type=\"text\/css\" data-created_by=\"avia_inline_auto\" id=\"style-css-av-bjo84-4b1ab3477d8c0c92fa50c1db669da78c\">\n#top .av-special-heading.av-bjo84-4b1ab3477d8c0c92fa50c1db669da78c{\npadding-bottom:10px;\n}\nbody .av-special-heading.av-bjo84-4b1ab3477d8c0c92fa50c1db669da78c .av-special-heading-tag .heading-char{\nfont-size:25px;\n}\n.av-special-heading.av-bjo84-4b1ab3477d8c0c92fa50c1db669da78c .av-subheading{\nfont-size:15px;\n}\n<\/style>\n<div  class='av-special-heading av-bjo84-4b1ab3477d8c0c92fa50c1db669da78c av-special-heading-h4 blockquote modern-quote modern-centered  avia-builder-el-9  el_after_av_textblock  el_before_av_textblock '><h4 class='av-special-heading-tag '  itemprop=\"headline\"  >\u00bbZ\u00fcndstoff f\u00fcr die Seele\u00ab<\/h4><div class=\"special-heading-border\"><div class=\"special-heading-inner-border\"><\/div><\/div><\/div><br \/>\n\n<style type=\"text\/css\" data-created_by=\"avia_inline_auto\" id=\"style-css-av-4azmty-438ef1c0644e8aada115e5ded9930353\">\n#top .av_textblock_section.av-4azmty-438ef1c0644e8aada115e5ded9930353 .avia_textblock{\nfont-size:18px;\n}\n<\/style>\n<section  class='av_textblock_section av-4azmty-438ef1c0644e8aada115e5ded9930353 '   itemscope=\"itemscope\" itemtype=\"https:\/\/schema.org\/CreativeWork\" ><div class='avia_textblock'  itemprop=\"text\" ><p>Dass die Qualit\u00e4t aus dem Weingarten kommt, stand nie in Frage. Im Keller l\u00e4sst sich nichts verbessern, Qualit\u00e4t nur bewahren. Wein muss Spa\u00df machen, st\u00e4ndig Neues bieten, zum Nachverkosten anregen. Und wenn die Flasche pl\u00f6tzlich leer ist \u2013 dann ist es perfekt! Heute folgt die Weinstilistik im Hause Diwald einem simplen Credo: Die Weine &#8211; \u00a0egal ob wei\u00df, rot, ros\u00e9, orange oder tr\u00fcb &#8211; d\u00fcrfen schlank, elegant und frech sein, dennoch mit F\u00fclle und K\u00f6rper aufwarten. Eigenst\u00e4ndige Weine, die an unseren, an euren, Geschmacksknospen klingeln\u2026<\/p>\n<\/div><\/section><\/p><\/div>\n","protected":false},"excerpt":{"rendered":"","protected":false},"author":1,"featured_media":0,"parent":0,"menu_order":0,"comment_status":"closed","ping_status":"closed","template":"","meta":{"footnotes":""},"class_list":["post-3636","page","type-page","status-publish","hentry"],"yoast_head":"<!-- This site is optimized with the Yoast SEO plugin v27.0 - https:\/\/yoast.com\/product\/yoast-seo-wordpress\/ -->\n<title>Personen | Geschichte | Philosophie - Weingut Martin &amp; Ulli Diwald<\/title>\n<meta name=\"robots\" content=\"index, follow, max-snippet:-1, max-image-preview:large, max-video-preview:-1\" \/>\n<link rel=\"canonical\" href=\"https:\/\/www.weingut-diwald.at\/de\/home\/personen-geschichte-philosophie\/\" \/>\n<meta property=\"og:locale\" content=\"de_DE\" \/>\n<meta property=\"og:type\" content=\"article\" \/>\n<meta property=\"og:title\" content=\"Personen | Geschichte | Philosophie - Weingut Martin &amp; Ulli Diwald\" \/>\n<meta property=\"og:url\" content=\"https:\/\/www.weingut-diwald.at\/de\/home\/personen-geschichte-philosophie\/\" \/>\n<meta property=\"og:site_name\" content=\"Weingut Martin &amp; Ulli Diwald\" \/>\n<meta property=\"article:publisher\" content=\"https:\/\/www.facebook.com\/diwald.at\/\" \/>\n<meta property=\"article:modified_time\" content=\"2022-09-21T06:35:46+00:00\" \/>\n<meta property=\"og:image\" content=\"https:\/\/www.weingut-diwald.at\/wp-content\/uploads\/2015\/12\/Bioweingut_Diwald_Weinberg.jpg\" \/>\n\t<meta property=\"og:image:width\" content=\"1000\" \/>\n\t<meta property=\"og:image:height\" content=\"576\" \/>\n\t<meta property=\"og:image:type\" content=\"image\/jpeg\" \/>\n<meta name=\"twitter:card\" content=\"summary_large_image\" \/>\n<meta name=\"twitter:label1\" content=\"Gesch\u00e4tzte Lesezeit\" \/>\n\t<meta name=\"twitter:data1\" content=\"6\u00a0Minuten\" \/>\n<script type=\"application\/ld+json\" class=\"yoast-schema-graph\">{\"@context\":\"https:\/\/schema.org\",\"@graph\":[{\"@type\":\"WebPage\",\"@id\":\"https:\/\/www.weingut-diwald.at\/de\/home\/personen-geschichte-philosophie\/\",\"url\":\"https:\/\/www.weingut-diwald.at\/de\/home\/personen-geschichte-philosophie\/\",\"name\":\"Personen | Geschichte | Philosophie - Weingut Martin &amp; Ulli Diwald\",\"isPartOf\":{\"@id\":\"https:\/\/www.weingut-diwald.at\/de\/home\/#website\"},\"datePublished\":\"2019-03-11T18:47:42+00:00\",\"dateModified\":\"2022-09-21T06:35:46+00:00\",\"breadcrumb\":{\"@id\":\"https:\/\/www.weingut-diwald.at\/de\/home\/personen-geschichte-philosophie\/#breadcrumb\"},\"inLanguage\":\"de\",\"potentialAction\":[{\"@type\":\"ReadAction\",\"target\":[\"https:\/\/www.weingut-diwald.at\/de\/home\/personen-geschichte-philosophie\/\"]}]},{\"@type\":\"BreadcrumbList\",\"@id\":\"https:\/\/www.weingut-diwald.at\/de\/home\/personen-geschichte-philosophie\/#breadcrumb\",\"itemListElement\":[{\"@type\":\"ListItem\",\"position\":1,\"name\":\"Start\",\"item\":\"https:\/\/www.weingut-diwald.at\/de\/home\/\"},{\"@type\":\"ListItem\",\"position\":2,\"name\":\"Personen | Geschichte | Philosophie\"}]},{\"@type\":\"WebSite\",\"@id\":\"https:\/\/www.weingut-diwald.at\/de\/home\/#website\",\"url\":\"https:\/\/www.weingut-diwald.at\/de\/home\/\",\"name\":\"Weingut Martin & Ulli Diwald\",\"description\":\"Biologischer Weinbau seit 1976\",\"publisher\":{\"@id\":\"https:\/\/www.weingut-diwald.at\/de\/home\/#organization\"},\"potentialAction\":[{\"@type\":\"SearchAction\",\"target\":{\"@type\":\"EntryPoint\",\"urlTemplate\":\"https:\/\/www.weingut-diwald.at\/de\/home\/?s={search_term_string}\"},\"query-input\":{\"@type\":\"PropertyValueSpecification\",\"valueRequired\":true,\"valueName\":\"search_term_string\"}}],\"inLanguage\":\"de\"},{\"@type\":\"Organization\",\"@id\":\"https:\/\/www.weingut-diwald.at\/de\/home\/#organization\",\"name\":\"Weingut Martin & Ulli Diwald\",\"url\":\"https:\/\/www.weingut-diwald.at\/de\/home\/\",\"logo\":{\"@type\":\"ImageObject\",\"inLanguage\":\"de\",\"@id\":\"https:\/\/www.weingut-diwald.at\/de\/home\/#\/schema\/logo\/image\/\",\"url\":\"https:\/\/www.weingut-diwald.at\/wp-content\/uploads\/2015\/12\/Diwald_Logo_Enfold.jpg\",\"contentUrl\":\"https:\/\/www.weingut-diwald.at\/wp-content\/uploads\/2015\/12\/Diwald_Logo_Enfold.jpg\",\"width\":257,\"height\":156,\"caption\":\"Weingut Martin & Ulli Diwald\"},\"image\":{\"@id\":\"https:\/\/www.weingut-diwald.at\/de\/home\/#\/schema\/logo\/image\/\"},\"sameAs\":[\"https:\/\/www.facebook.com\/diwald.at\/\",\"https:\/\/www.instagram.com\/diwald.at\/\"]}]}<\/script>\n<!-- \/ Yoast SEO plugin. -->","yoast_head_json":{"title":"Personen | Geschichte | Philosophie - Weingut Martin &amp; Ulli Diwald","robots":{"index":"index","follow":"follow","max-snippet":"max-snippet:-1","max-image-preview":"max-image-preview:large","max-video-preview":"max-video-preview:-1"},"canonical":"https:\/\/www.weingut-diwald.at\/de\/home\/personen-geschichte-philosophie\/","og_locale":"de_DE","og_type":"article","og_title":"Personen | Geschichte | Philosophie - Weingut Martin &amp; Ulli Diwald","og_url":"https:\/\/www.weingut-diwald.at\/de\/home\/personen-geschichte-philosophie\/","og_site_name":"Weingut Martin &amp; Ulli Diwald","article_publisher":"https:\/\/www.facebook.com\/diwald.at\/","article_modified_time":"2022-09-21T06:35:46+00:00","og_image":[{"width":1000,"height":576,"url":"https:\/\/www.weingut-diwald.at\/wp-content\/uploads\/2015\/12\/Bioweingut_Diwald_Weinberg.jpg","type":"image\/jpeg"}],"twitter_card":"summary_large_image","twitter_misc":{"Gesch\u00e4tzte Lesezeit":"6\u00a0Minuten"},"schema":{"@context":"https:\/\/schema.org","@graph":[{"@type":"WebPage","@id":"https:\/\/www.weingut-diwald.at\/de\/home\/personen-geschichte-philosophie\/","url":"https:\/\/www.weingut-diwald.at\/de\/home\/personen-geschichte-philosophie\/","name":"Personen | Geschichte | Philosophie - Weingut Martin &amp; Ulli Diwald","isPartOf":{"@id":"https:\/\/www.weingut-diwald.at\/de\/home\/#website"},"datePublished":"2019-03-11T18:47:42+00:00","dateModified":"2022-09-21T06:35:46+00:00","breadcrumb":{"@id":"https:\/\/www.weingut-diwald.at\/de\/home\/personen-geschichte-philosophie\/#breadcrumb"},"inLanguage":"de","potentialAction":[{"@type":"ReadAction","target":["https:\/\/www.weingut-diwald.at\/de\/home\/personen-geschichte-philosophie\/"]}]},{"@type":"BreadcrumbList","@id":"https:\/\/www.weingut-diwald.at\/de\/home\/personen-geschichte-philosophie\/#breadcrumb","itemListElement":[{"@type":"ListItem","position":1,"name":"Start","item":"https:\/\/www.weingut-diwald.at\/de\/home\/"},{"@type":"ListItem","position":2,"name":"Personen | Geschichte | Philosophie"}]},{"@type":"WebSite","@id":"https:\/\/www.weingut-diwald.at\/de\/home\/#website","url":"https:\/\/www.weingut-diwald.at\/de\/home\/","name":"Weingut Martin & Ulli Diwald","description":"Biologischer Weinbau seit 1976","publisher":{"@id":"https:\/\/www.weingut-diwald.at\/de\/home\/#organization"},"potentialAction":[{"@type":"SearchAction","target":{"@type":"EntryPoint","urlTemplate":"https:\/\/www.weingut-diwald.at\/de\/home\/?s={search_term_string}"},"query-input":{"@type":"PropertyValueSpecification","valueRequired":true,"valueName":"search_term_string"}}],"inLanguage":"de"},{"@type":"Organization","@id":"https:\/\/www.weingut-diwald.at\/de\/home\/#organization","name":"Weingut Martin & Ulli Diwald","url":"https:\/\/www.weingut-diwald.at\/de\/home\/","logo":{"@type":"ImageObject","inLanguage":"de","@id":"https:\/\/www.weingut-diwald.at\/de\/home\/#\/schema\/logo\/image\/","url":"https:\/\/www.weingut-diwald.at\/wp-content\/uploads\/2015\/12\/Diwald_Logo_Enfold.jpg","contentUrl":"https:\/\/www.weingut-diwald.at\/wp-content\/uploads\/2015\/12\/Diwald_Logo_Enfold.jpg","width":257,"height":156,"caption":"Weingut Martin & Ulli Diwald"},"image":{"@id":"https:\/\/www.weingut-diwald.at\/de\/home\/#\/schema\/logo\/image\/"},"sameAs":["https:\/\/www.facebook.com\/diwald.at\/","https:\/\/www.instagram.com\/diwald.at\/"]}]}},"_links":{"self":[{"href":"https:\/\/www.weingut-diwald.at\/de\/home\/wp-json\/wp\/v2\/pages\/3636","targetHints":{"allow":["GET"]}}],"collection":[{"href":"https:\/\/www.weingut-diwald.at\/de\/home\/wp-json\/wp\/v2\/pages"}],"about":[{"href":"https:\/\/www.weingut-diwald.at\/de\/home\/wp-json\/wp\/v2\/types\/page"}],"author":[{"embeddable":true,"href":"https:\/\/www.weingut-diwald.at\/de\/home\/wp-json\/wp\/v2\/users\/1"}],"replies":[{"embeddable":true,"href":"https:\/\/www.weingut-diwald.at\/de\/home\/wp-json\/wp\/v2\/comments?post=3636"}],"version-history":[{"count":6,"href":"https:\/\/www.weingut-diwald.at\/de\/home\/wp-json\/wp\/v2\/pages\/3636\/revisions"}],"predecessor-version":[{"id":4999,"href":"https:\/\/www.weingut-diwald.at\/de\/home\/wp-json\/wp\/v2\/pages\/3636\/revisions\/4999"}],"wp:attachment":[{"href":"https:\/\/www.weingut-diwald.at\/de\/home\/wp-json\/wp\/v2\/media?parent=3636"}],"curies":[{"name":"wp","href":"https:\/\/api.w.org\/{rel}","templated":true}]}}