{"id":3666,"date":"2019-03-11T20:35:03","date_gmt":"2019-03-11T19:35:03","guid":{"rendered":"http:\/\/www.weingut-diwald.at\/de\/home\/?page_id=3666"},"modified":"2021-04-29T16:59:46","modified_gmt":"2021-04-29T14:59:46","slug":"gruener-veltliner-vom-loess","status":"publish","type":"page","link":"https:\/\/www.weingut-diwald.at\/de\/home\/weine\/gruener-veltliner\/gruener-veltliner-vom-loess\/","title":{"rendered":"Gr\u00fcner Veltliner vom L\u00f6ss"},"content":{"rendered":"\n<style type=\"text\/css\" data-created_by=\"avia_inline_auto\" id=\"style-css-av-203vwi-e17ced08924e6a12b81250294d717892\">\n.flex_column.av-203vwi-e17ced08924e6a12b81250294d717892{\nborder-radius:0px 0px 0px 0px;\npadding:0px 0px 0px 0px;\n}\n<\/style>\n<div  class='flex_column av-203vwi-e17ced08924e6a12b81250294d717892 av_one_third  avia-builder-el-0  el_before_av_two_third  avia-builder-el-first  first flex_column_div av-zero-column-padding  '     ><style type=\"text\/css\" data-created_by=\"avia_inline_auto\" id=\"style-css-av-kjjtm8o6-ec5d504d09bae07ca434b1e2975371d6\">\n.avia-image-container.av-kjjtm8o6-ec5d504d09bae07ca434b1e2975371d6 img.avia_image{\nbox-shadow:none;\n}\n.avia-image-container.av-kjjtm8o6-ec5d504d09bae07ca434b1e2975371d6 .av-image-caption-overlay-center{\ncolor:#ffffff;\n}\n<\/style>\n<div  class='avia-image-container av-kjjtm8o6-ec5d504d09bae07ca434b1e2975371d6 av-styling- avia-align-center  avia-builder-el-1  avia-builder-el-no-sibling '   itemprop=\"image\" itemscope=\"itemscope\" itemtype=\"https:\/\/schema.org\/ImageObject\" ><div class=\"avia-image-container-inner\"><div class=\"avia-image-overlay-wrap\"><img decoding=\"async\" fetchpriority=\"high\" class='wp-image-4261 avia-img-lazy-loading-not-4261 avia_image ' src=\"https:\/\/www.weingut-diwald.at\/wp-content\/uploads\/2021\/01\/Gruener_Veltliner_vom_Loess-Diwald_Weine.jpg\" alt='Gruener_Veltliner_vom_Loess-Diwald_Weine' title='Gr\u00fcner Veltliner vom L\u00f6ss'  height=\"1030\" width=\"438\"  itemprop=\"thumbnailUrl\" srcset=\"https:\/\/www.weingut-diwald.at\/wp-content\/uploads\/2021\/01\/Gruener_Veltliner_vom_Loess-Diwald_Weine.jpg 438w, https:\/\/www.weingut-diwald.at\/wp-content\/uploads\/2021\/01\/Gruener_Veltliner_vom_Loess-Diwald_Weine-128x300.jpg 128w, https:\/\/www.weingut-diwald.at\/wp-content\/uploads\/2021\/01\/Gruener_Veltliner_vom_Loess-Diwald_Weine-300x705.jpg 300w, https:\/\/www.weingut-diwald.at\/wp-content\/uploads\/2021\/01\/Gruener_Veltliner_vom_Loess-Diwald_Weine-425x999.jpg 425w\" sizes=\"(max-width: 438px) 100vw, 438px\" \/><\/div><\/div><\/div><\/div>\n\n<style type=\"text\/css\" data-created_by=\"avia_inline_auto\" id=\"style-css-av-im7ili-235fb10ea2869cfb99b1c7ed1417be6f\">\n.flex_column.av-im7ili-235fb10ea2869cfb99b1c7ed1417be6f{\nborder-radius:0px 0px 0px 0px;\npadding:0px 0px 0px 0px;\n}\n<\/style>\n<div  class='flex_column av-im7ili-235fb10ea2869cfb99b1c7ed1417be6f av_two_third  avia-builder-el-2  el_after_av_one_third  avia-builder-el-last  flex_column_div av-zero-column-padding  '     ><p><div  class='avia-video av-kktinb20-30c1305eb178fee8fb3daa72f2ce73e5 avia-video-16-9 av-no-preview-image avia-video-load-always avia-video-html5'  itemprop=\"video\" itemtype=\"https:\/\/schema.org\/VideoObject\"  data-original_url='https:\/\/www.weingut-diwald.at\/wp-content\/uploads\/2021\/02\/Diwald_Master_EN-Breitband-komprimiert.mp4'><video class='avia_video'    preload=\"auto\"  controls id='player_3666_794778127_1283485727'><source src='https:\/\/www.weingut-diwald.at\/wp-content\/uploads\/2021\/02\/Diwald_Master_EN-Breitband-komprimiert.mp4' type='video\/mp4' \/><\/video><\/div><br \/>\n<div  class='avia-buttonrow-wrap av-kky9fzgp-7c5a84953e204f2111831de2282a66ab avia-buttonrow-center  avia-builder-el-4  el_after_av_video  el_before_av_heading '>\n\n<style type=\"text\/css\" data-created_by=\"avia_inline_auto\" id=\"style-css-av-1vkk9u-8c348a312180b8ffa0639f8848f266ce\">\n#top #wrap_all .avia-button.av-1vkk9u-8c348a312180b8ffa0639f8848f266ce{\nmargin-bottom:5px;\nmargin-right:3px;\nmargin-left:3px;\n}\n<\/style>\n<a href='\/de\/home\/en\/our-wines\/gruener-veltliner-en\/gruener-veltliner-vom-loess-en'  class='avia-button av-1vkk9u-8c348a312180b8ffa0639f8848f266ce avia-icon_select-yes-left-icon avia-size-medium avia-color-theme-color'   aria-label=\"English\"><span class='avia_button_icon avia_button_icon_left avia-iconfont avia-font-entypo-fontello' data-av_icon='\ue871' data-av_iconfont='entypo-fontello' ><\/span><span class='avia_iconbox_title' >English<\/span><\/a>\n<\/div><br \/>\n\n<style type=\"text\/css\" data-created_by=\"avia_inline_auto\" id=\"style-css-av-av_heading-0d2b87332789887c2a3ec84cbd2bcf58\">\n#top .av-special-heading.av-av_heading-0d2b87332789887c2a3ec84cbd2bcf58{\npadding-bottom:10px;\nfont-size:3.5vw;\n}\nbody .av-special-heading.av-av_heading-0d2b87332789887c2a3ec84cbd2bcf58 .av-special-heading-tag .heading-char{\nfont-size:25px;\n}\n#top #wrap_all .av-special-heading.av-av_heading-0d2b87332789887c2a3ec84cbd2bcf58 .av-special-heading-tag{\nfont-size:3.5vw;\n}\n.av-special-heading.av-av_heading-0d2b87332789887c2a3ec84cbd2bcf58 .av-subheading{\nfont-size:15px;\n}\n\n@media only screen and (min-width: 480px) and (max-width: 767px){ \n#top #wrap_all .av-special-heading.av-av_heading-0d2b87332789887c2a3ec84cbd2bcf58 .av-special-heading-tag{\nfont-size:0.8em;\n}\n}\n\n@media only screen and (max-width: 479px){ \n#top #wrap_all .av-special-heading.av-av_heading-0d2b87332789887c2a3ec84cbd2bcf58 .av-special-heading-tag{\nfont-size:0.8em;\n}\n}\n<\/style>\n<div  class='av-special-heading av-av_heading-0d2b87332789887c2a3ec84cbd2bcf58 av-special-heading-h4 blockquote modern-quote modern-centered  avia-builder-el-5  el_after_av_buttonrow  el_before_av_textblock  av-inherit-size'><h4 class='av-special-heading-tag '  itemprop=\"headline\"  >\u00bbGr\u00fcner Veltliner vom L\u00f6ss\u00ab<\/h4><div class=\"special-heading-border\"><div class=\"special-heading-inner-border\"><\/div><\/div><\/div><br \/>\n\n<style type=\"text\/css\" data-created_by=\"avia_inline_auto\" id=\"style-css-av-cny1eu-c265ab931bd7a8f5039aedafaa6b09a4\">\n#top .av_textblock_section.av-cny1eu-c265ab931bd7a8f5039aedafaa6b09a4 .avia_textblock{\nfont-size:18px;\n}\n<\/style>\n<section  class='av_textblock_section av-cny1eu-c265ab931bd7a8f5039aedafaa6b09a4 '   itemscope=\"itemscope\" itemtype=\"https:\/\/schema.org\/CreativeWork\" ><div class='avia_textblock'  itemprop=\"text\" ><p><strong>Ursprung<\/strong><\/p>\n<p>Aus unseren besten L\u00f6sslagen: Goldberg, Gsang, Diebsnest und Hinter der Au. Die Trauben werden h\u00e4ndisch Anfang Oktober geerntet und spontan vergoren. Die ausgesuchten Weing\u00e4rten mit ihren L\u00f6ssb\u00f6den lassen einen w\u00fcrzigen, lebhaften und durchaus k\u00f6rperreichen Wein entstehen, der von seiner Herkunft erz\u00e4hlt.<\/p>\n<\/div><\/section><br \/>\n\n<style type=\"text\/css\" data-created_by=\"avia_inline_auto\" id=\"style-css-av-cny1eu-c265ab931bd7a8f5039aedafaa6b09a4\">\n#top .av_textblock_section.av-cny1eu-c265ab931bd7a8f5039aedafaa6b09a4 .avia_textblock{\nfont-size:18px;\n}\n<\/style>\n<section  class='av_textblock_section av-cny1eu-c265ab931bd7a8f5039aedafaa6b09a4 '   itemscope=\"itemscope\" itemtype=\"https:\/\/schema.org\/CreativeWork\" ><div class='avia_textblock'  itemprop=\"text\" ><p><strong>Charakter<\/strong><\/p>\n<p>L\u00f6ss in Reinkultur. Reif, w\u00fcrzig, cremig und doch leichtf\u00fc\u00dfig, all das, was f\u00fcr Gr\u00fcnen Veltliner und L\u00f6ss so typisch ist. Ein charmanter, einladender Wein, der vielseitig Speisen begleiten kann. Macht schon in der Jugend Spa\u00df und hat trotzdem gutes Lagerpotential.<\/p>\n<\/div><\/section><\/p><\/div>\n","protected":false},"excerpt":{"rendered":"","protected":false},"author":1,"featured_media":0,"parent":3774,"menu_order":4,"comment_status":"closed","ping_status":"closed","template":"","meta":{"footnotes":""},"class_list":["post-3666","page","type-page","status-publish","hentry"],"yoast_head":"<!-- This site is optimized with the Yoast SEO plugin v27.0 - https:\/\/yoast.com\/product\/yoast-seo-wordpress\/ -->\n<title>Gr\u00fcner Veltliner vom L\u00f6ss - Weingut Martin &amp; Ulli Diwald<\/title>\n<meta name=\"robots\" content=\"index, follow, max-snippet:-1, max-image-preview:large, max-video-preview:-1\" \/>\n<link rel=\"canonical\" href=\"https:\/\/www.weingut-diwald.at\/de\/home\/weine\/gruener-veltliner\/gruener-veltliner-vom-loess\/\" \/>\n<meta property=\"og:locale\" content=\"de_DE\" \/>\n<meta property=\"og:type\" content=\"article\" \/>\n<meta property=\"og:title\" content=\"Gr\u00fcner Veltliner vom L\u00f6ss - Weingut Martin &amp; Ulli Diwald\" \/>\n<meta property=\"og:url\" content=\"https:\/\/www.weingut-diwald.at\/de\/home\/weine\/gruener-veltliner\/gruener-veltliner-vom-loess\/\" \/>\n<meta property=\"og:site_name\" content=\"Weingut Martin &amp; Ulli Diwald\" \/>\n<meta property=\"article:publisher\" content=\"https:\/\/www.facebook.com\/diwald.at\/\" \/>\n<meta property=\"article:modified_time\" content=\"2021-04-29T14:59:46+00:00\" \/>\n<meta property=\"og:image\" content=\"https:\/\/www.weingut-diwald.at\/wp-content\/uploads\/2015\/12\/Bioweingut_Diwald_Weinberg.jpg\" \/>\n\t<meta property=\"og:image:width\" content=\"1000\" \/>\n\t<meta property=\"og:image:height\" content=\"576\" \/>\n\t<meta property=\"og:image:type\" content=\"image\/jpeg\" \/>\n<meta name=\"twitter:card\" content=\"summary_large_image\" \/>\n<meta name=\"twitter:label1\" content=\"Gesch\u00e4tzte Lesezeit\" \/>\n\t<meta name=\"twitter:data1\" content=\"3\u00a0Minuten\" \/>\n<script type=\"application\/ld+json\" class=\"yoast-schema-graph\">{\"@context\":\"https:\/\/schema.org\",\"@graph\":[{\"@type\":\"WebPage\",\"@id\":\"https:\/\/www.weingut-diwald.at\/de\/home\/weine\/gruener-veltliner\/gruener-veltliner-vom-loess\/\",\"url\":\"https:\/\/www.weingut-diwald.at\/de\/home\/weine\/gruener-veltliner\/gruener-veltliner-vom-loess\/\",\"name\":\"Gr\u00fcner Veltliner vom L\u00f6ss - Weingut Martin &amp; Ulli Diwald\",\"isPartOf\":{\"@id\":\"https:\/\/www.weingut-diwald.at\/de\/home\/#website\"},\"datePublished\":\"2019-03-11T19:35:03+00:00\",\"dateModified\":\"2021-04-29T14:59:46+00:00\",\"breadcrumb\":{\"@id\":\"https:\/\/www.weingut-diwald.at\/de\/home\/weine\/gruener-veltliner\/gruener-veltliner-vom-loess\/#breadcrumb\"},\"inLanguage\":\"de\",\"potentialAction\":[{\"@type\":\"ReadAction\",\"target\":[\"https:\/\/www.weingut-diwald.at\/de\/home\/weine\/gruener-veltliner\/gruener-veltliner-vom-loess\/\"]}]},{\"@type\":\"BreadcrumbList\",\"@id\":\"https:\/\/www.weingut-diwald.at\/de\/home\/weine\/gruener-veltliner\/gruener-veltliner-vom-loess\/#breadcrumb\",\"itemListElement\":[{\"@type\":\"ListItem\",\"position\":1,\"name\":\"Start\",\"item\":\"https:\/\/www.weingut-diwald.at\/de\/home\/\"},{\"@type\":\"ListItem\",\"position\":2,\"name\":\"Weine\",\"item\":\"https:\/\/www.weingut-diwald.at\/de\/home\/weine\/\"},{\"@type\":\"ListItem\",\"position\":3,\"name\":\"Gr\u00fcner Veltliner\",\"item\":\"https:\/\/www.weingut-diwald.at\/de\/home\/weine\/gruener-veltliner\/\"},{\"@type\":\"ListItem\",\"position\":4,\"name\":\"Gr\u00fcner Veltliner vom L\u00f6ss\"}]},{\"@type\":\"WebSite\",\"@id\":\"https:\/\/www.weingut-diwald.at\/de\/home\/#website\",\"url\":\"https:\/\/www.weingut-diwald.at\/de\/home\/\",\"name\":\"Weingut Martin & Ulli Diwald\",\"description\":\"Biologischer Weinbau seit 1976\",\"publisher\":{\"@id\":\"https:\/\/www.weingut-diwald.at\/de\/home\/#organization\"},\"potentialAction\":[{\"@type\":\"SearchAction\",\"target\":{\"@type\":\"EntryPoint\",\"urlTemplate\":\"https:\/\/www.weingut-diwald.at\/de\/home\/?s={search_term_string}\"},\"query-input\":{\"@type\":\"PropertyValueSpecification\",\"valueRequired\":true,\"valueName\":\"search_term_string\"}}],\"inLanguage\":\"de\"},{\"@type\":\"Organization\",\"@id\":\"https:\/\/www.weingut-diwald.at\/de\/home\/#organization\",\"name\":\"Weingut Martin & Ulli Diwald\",\"url\":\"https:\/\/www.weingut-diwald.at\/de\/home\/\",\"logo\":{\"@type\":\"ImageObject\",\"inLanguage\":\"de\",\"@id\":\"https:\/\/www.weingut-diwald.at\/de\/home\/#\/schema\/logo\/image\/\",\"url\":\"https:\/\/www.weingut-diwald.at\/wp-content\/uploads\/2015\/12\/Diwald_Logo_Enfold.jpg\",\"contentUrl\":\"https:\/\/www.weingut-diwald.at\/wp-content\/uploads\/2015\/12\/Diwald_Logo_Enfold.jpg\",\"width\":257,\"height\":156,\"caption\":\"Weingut Martin & Ulli Diwald\"},\"image\":{\"@id\":\"https:\/\/www.weingut-diwald.at\/de\/home\/#\/schema\/logo\/image\/\"},\"sameAs\":[\"https:\/\/www.facebook.com\/diwald.at\/\",\"https:\/\/www.instagram.com\/diwald.at\/\"]}]}<\/script>\n<!-- \/ Yoast SEO plugin. -->","yoast_head_json":{"title":"Gr\u00fcner Veltliner vom L\u00f6ss - Weingut Martin &amp; Ulli Diwald","robots":{"index":"index","follow":"follow","max-snippet":"max-snippet:-1","max-image-preview":"max-image-preview:large","max-video-preview":"max-video-preview:-1"},"canonical":"https:\/\/www.weingut-diwald.at\/de\/home\/weine\/gruener-veltliner\/gruener-veltliner-vom-loess\/","og_locale":"de_DE","og_type":"article","og_title":"Gr\u00fcner Veltliner vom L\u00f6ss - Weingut Martin &amp; Ulli Diwald","og_url":"https:\/\/www.weingut-diwald.at\/de\/home\/weine\/gruener-veltliner\/gruener-veltliner-vom-loess\/","og_site_name":"Weingut Martin &amp; Ulli Diwald","article_publisher":"https:\/\/www.facebook.com\/diwald.at\/","article_modified_time":"2021-04-29T14:59:46+00:00","og_image":[{"width":1000,"height":576,"url":"https:\/\/www.weingut-diwald.at\/wp-content\/uploads\/2015\/12\/Bioweingut_Diwald_Weinberg.jpg","type":"image\/jpeg"}],"twitter_card":"summary_large_image","twitter_misc":{"Gesch\u00e4tzte Lesezeit":"3\u00a0Minuten"},"schema":{"@context":"https:\/\/schema.org","@graph":[{"@type":"WebPage","@id":"https:\/\/www.weingut-diwald.at\/de\/home\/weine\/gruener-veltliner\/gruener-veltliner-vom-loess\/","url":"https:\/\/www.weingut-diwald.at\/de\/home\/weine\/gruener-veltliner\/gruener-veltliner-vom-loess\/","name":"Gr\u00fcner Veltliner vom L\u00f6ss - Weingut Martin &amp; Ulli Diwald","isPartOf":{"@id":"https:\/\/www.weingut-diwald.at\/de\/home\/#website"},"datePublished":"2019-03-11T19:35:03+00:00","dateModified":"2021-04-29T14:59:46+00:00","breadcrumb":{"@id":"https:\/\/www.weingut-diwald.at\/de\/home\/weine\/gruener-veltliner\/gruener-veltliner-vom-loess\/#breadcrumb"},"inLanguage":"de","potentialAction":[{"@type":"ReadAction","target":["https:\/\/www.weingut-diwald.at\/de\/home\/weine\/gruener-veltliner\/gruener-veltliner-vom-loess\/"]}]},{"@type":"BreadcrumbList","@id":"https:\/\/www.weingut-diwald.at\/de\/home\/weine\/gruener-veltliner\/gruener-veltliner-vom-loess\/#breadcrumb","itemListElement":[{"@type":"ListItem","position":1,"name":"Start","item":"https:\/\/www.weingut-diwald.at\/de\/home\/"},{"@type":"ListItem","position":2,"name":"Weine","item":"https:\/\/www.weingut-diwald.at\/de\/home\/weine\/"},{"@type":"ListItem","position":3,"name":"Gr\u00fcner Veltliner","item":"https:\/\/www.weingut-diwald.at\/de\/home\/weine\/gruener-veltliner\/"},{"@type":"ListItem","position":4,"name":"Gr\u00fcner Veltliner vom L\u00f6ss"}]},{"@type":"WebSite","@id":"https:\/\/www.weingut-diwald.at\/de\/home\/#website","url":"https:\/\/www.weingut-diwald.at\/de\/home\/","name":"Weingut Martin & Ulli Diwald","description":"Biologischer Weinbau seit 1976","publisher":{"@id":"https:\/\/www.weingut-diwald.at\/de\/home\/#organization"},"potentialAction":[{"@type":"SearchAction","target":{"@type":"EntryPoint","urlTemplate":"https:\/\/www.weingut-diwald.at\/de\/home\/?s={search_term_string}"},"query-input":{"@type":"PropertyValueSpecification","valueRequired":true,"valueName":"search_term_string"}}],"inLanguage":"de"},{"@type":"Organization","@id":"https:\/\/www.weingut-diwald.at\/de\/home\/#organization","name":"Weingut Martin & Ulli Diwald","url":"https:\/\/www.weingut-diwald.at\/de\/home\/","logo":{"@type":"ImageObject","inLanguage":"de","@id":"https:\/\/www.weingut-diwald.at\/de\/home\/#\/schema\/logo\/image\/","url":"https:\/\/www.weingut-diwald.at\/wp-content\/uploads\/2015\/12\/Diwald_Logo_Enfold.jpg","contentUrl":"https:\/\/www.weingut-diwald.at\/wp-content\/uploads\/2015\/12\/Diwald_Logo_Enfold.jpg","width":257,"height":156,"caption":"Weingut Martin & Ulli Diwald"},"image":{"@id":"https:\/\/www.weingut-diwald.at\/de\/home\/#\/schema\/logo\/image\/"},"sameAs":["https:\/\/www.facebook.com\/diwald.at\/","https:\/\/www.instagram.com\/diwald.at\/"]}]}},"_links":{"self":[{"href":"https:\/\/www.weingut-diwald.at\/de\/home\/wp-json\/wp\/v2\/pages\/3666","targetHints":{"allow":["GET"]}}],"collection":[{"href":"https:\/\/www.weingut-diwald.at\/de\/home\/wp-json\/wp\/v2\/pages"}],"about":[{"href":"https:\/\/www.weingut-diwald.at\/de\/home\/wp-json\/wp\/v2\/types\/page"}],"author":[{"embeddable":true,"href":"https:\/\/www.weingut-diwald.at\/de\/home\/wp-json\/wp\/v2\/users\/1"}],"replies":[{"embeddable":true,"href":"https:\/\/www.weingut-diwald.at\/de\/home\/wp-json\/wp\/v2\/comments?post=3666"}],"version-history":[{"count":14,"href":"https:\/\/www.weingut-diwald.at\/de\/home\/wp-json\/wp\/v2\/pages\/3666\/revisions"}],"predecessor-version":[{"id":4564,"href":"https:\/\/www.weingut-diwald.at\/de\/home\/wp-json\/wp\/v2\/pages\/3666\/revisions\/4564"}],"up":[{"embeddable":true,"href":"https:\/\/www.weingut-diwald.at\/de\/home\/wp-json\/wp\/v2\/pages\/3774"}],"wp:attachment":[{"href":"https:\/\/www.weingut-diwald.at\/de\/home\/wp-json\/wp\/v2\/media?parent=3666"}],"curies":[{"name":"wp","href":"https:\/\/api.w.org\/{rel}","templated":true}]}}