{"id":3689,"date":"2019-03-11T21:06:38","date_gmt":"2019-03-11T20:06:38","guid":{"rendered":"http:\/\/www.weingut-diwald.at\/de\/home\/?page_id=3689"},"modified":"2025-02-26T10:34:14","modified_gmt":"2025-02-26T09:34:14","slug":"zuendstoff","status":"publish","type":"page","link":"https:\/\/www.weingut-diwald.at\/de\/home\/weine\/gruener-veltliner\/zuendstoff\/","title":{"rendered":"Z\u00fcndstoff Maischeg\u00e4rung"},"content":{"rendered":"\n<style type=\"text\/css\" data-created_by=\"avia_inline_auto\" id=\"style-css-av-2wb0bd-635b87d68e57a04bc2aefad04afb775b\">\n.flex_column.av-2wb0bd-635b87d68e57a04bc2aefad04afb775b{\nborder-radius:0px 0px 0px 0px;\npadding:0px 0px 0px 0px;\n}\n<\/style>\n<div  class='flex_column av-2wb0bd-635b87d68e57a04bc2aefad04afb775b av_one_third  avia-builder-el-0  el_before_av_two_third  avia-builder-el-first  first flex_column_div av-zero-column-padding  '     ><style type=\"text\/css\" data-created_by=\"avia_inline_auto\" id=\"style-css-av-jtda6lxs-e61b13644cd9bd2af38fe5eca23e6ef0\">\n.avia-image-container.av-jtda6lxs-e61b13644cd9bd2af38fe5eca23e6ef0 img.avia_image{\nbox-shadow:none;\n}\n.avia-image-container.av-jtda6lxs-e61b13644cd9bd2af38fe5eca23e6ef0 .av-image-caption-overlay-center{\ncolor:#ffffff;\n}\n<\/style>\n<div  class='avia-image-container av-jtda6lxs-e61b13644cd9bd2af38fe5eca23e6ef0 av-styling- avia-align-center  avia-builder-el-1  avia-builder-el-no-sibling '   itemprop=\"image\" itemscope=\"itemscope\" itemtype=\"https:\/\/schema.org\/ImageObject\" ><div class=\"avia-image-container-inner\"><div class=\"avia-image-overlay-wrap\"><img decoding=\"async\" fetchpriority=\"high\" class='wp-image-4265 avia-img-lazy-loading-not-4265 avia_image ' src=\"https:\/\/www.weingut-diwald.at\/wp-content\/uploads\/2021\/01\/Zuendstoff_Gruener_Veltliner-Diwald_Weine.jpg\" alt='Zuendstoff_Gruener_Veltliner-Diwald_Weine' title='Z\u00fcndstoff Gr\u00fcner Veltliner'  height=\"1030\" width=\"438\"  itemprop=\"thumbnailUrl\" srcset=\"https:\/\/www.weingut-diwald.at\/wp-content\/uploads\/2021\/01\/Zuendstoff_Gruener_Veltliner-Diwald_Weine.jpg 438w, https:\/\/www.weingut-diwald.at\/wp-content\/uploads\/2021\/01\/Zuendstoff_Gruener_Veltliner-Diwald_Weine-128x300.jpg 128w, https:\/\/www.weingut-diwald.at\/wp-content\/uploads\/2021\/01\/Zuendstoff_Gruener_Veltliner-Diwald_Weine-300x705.jpg 300w, https:\/\/www.weingut-diwald.at\/wp-content\/uploads\/2021\/01\/Zuendstoff_Gruener_Veltliner-Diwald_Weine-425x999.jpg 425w\" sizes=\"(max-width: 438px) 100vw, 438px\" \/><\/div><\/div><\/div><\/div>\n\n<style type=\"text\/css\" data-created_by=\"avia_inline_auto\" id=\"style-css-av-im7ili-235fb10ea2869cfb99b1c7ed1417be6f\">\n.flex_column.av-im7ili-235fb10ea2869cfb99b1c7ed1417be6f{\nborder-radius:0px 0px 0px 0px;\npadding:0px 0px 0px 0px;\n}\n<\/style>\n<div  class='flex_column av-im7ili-235fb10ea2869cfb99b1c7ed1417be6f av_two_third  avia-builder-el-2  el_after_av_one_third  avia-builder-el-last  flex_column_div av-zero-column-padding  '     ><p><div  class='avia-video av-kq93yk57-a25217976d784da41d16273eaee3b2ca avia-video-16-9 av-no-preview-image avia-video-load-always avia-video-html5'  itemprop=\"video\" itemtype=\"https:\/\/schema.org\/VideoObject\"  data-original_url='https:\/\/www.weingut-diwald.at\/wp-content\/uploads\/2021\/02\/Diwald_Master_EN-Breitband-komprimiert-1.mp4'><video class='avia_video'    preload=\"auto\"  controls id='player_3689_9603997_1078310479'><source src='https:\/\/www.weingut-diwald.at\/wp-content\/uploads\/2021\/02\/Diwald_Master_EN-Breitband-komprimiert-1.mp4' type='video\/mp4' \/><\/video><\/div><br \/>\n<div  class='avia-buttonrow-wrap av-kq940bvw-a7facfaee9151933cf87a5ebd9ca5010 avia-buttonrow-center  avia-builder-el-4  el_after_av_video  el_before_av_heading '>\n\n<style type=\"text\/css\" data-created_by=\"avia_inline_auto\" id=\"style-css-av-4bvkqh-f47d42cd79c2465a2d5dfd43fa47997b\">\n#top #wrap_all .avia-button.av-4bvkqh-f47d42cd79c2465a2d5dfd43fa47997b{\nmargin-bottom:5px;\nmargin-right:3px;\nmargin-left:3px;\n}\n<\/style>\n<a href='https:\/\/www.weingut-diwald.at\/de\/home\/en\/weine\/off-the-beaten-path\/zuendstoff-maischegaerung-en\/'  class='avia-button av-4bvkqh-f47d42cd79c2465a2d5dfd43fa47997b avia-icon_select-yes-left-icon avia-size-small avia-color-theme-color'   aria-label=\"Englisch\"><span class='avia_button_icon avia_button_icon_left avia-iconfont avia-font-entypo-fontello' data-av_icon='\ue871' data-av_iconfont='entypo-fontello' ><\/span><span class='avia_iconbox_title' >Englisch<\/span><\/a>\n<\/div><br \/>\n\n<style type=\"text\/css\" data-created_by=\"avia_inline_auto\" id=\"style-css-av-359kyx-7013cf6c90e5fcbc60ca1705891eb1f1\">\n#top .av-special-heading.av-359kyx-7013cf6c90e5fcbc60ca1705891eb1f1{\npadding-bottom:10px;\n}\nbody .av-special-heading.av-359kyx-7013cf6c90e5fcbc60ca1705891eb1f1 .av-special-heading-tag .heading-char{\nfont-size:25px;\n}\n.av-special-heading.av-359kyx-7013cf6c90e5fcbc60ca1705891eb1f1 .av-subheading{\nfont-size:15px;\n}\n<\/style>\n<div  class='av-special-heading av-359kyx-7013cf6c90e5fcbc60ca1705891eb1f1 av-special-heading-h4 blockquote modern-quote modern-centered  avia-builder-el-5  el_after_av_buttonrow  el_before_av_textblock '><h4 class='av-special-heading-tag '  itemprop=\"headline\"  >\u00bbZ\u00fcndstoff Maischeg\u00e4rung\u00ab<\/h4><div class=\"special-heading-border\"><div class=\"special-heading-inner-border\"><\/div><\/div><\/div><br \/>\n\n<style type=\"text\/css\" data-created_by=\"avia_inline_auto\" id=\"style-css-av-cny1eu-c265ab931bd7a8f5039aedafaa6b09a4\">\n#top .av_textblock_section.av-cny1eu-c265ab931bd7a8f5039aedafaa6b09a4 .avia_textblock{\nfont-size:18px;\n}\n<\/style>\n<section  class='av_textblock_section av-cny1eu-c265ab931bd7a8f5039aedafaa6b09a4 '   itemscope=\"itemscope\" itemtype=\"https:\/\/schema.org\/CreativeWork\" ><div class='avia_textblock'  itemprop=\"text\" ><p><strong>Ursprung<\/strong><\/p>\n<p>Dieses mittlerweile sehr erfolgreiche Projekt hat mit einem Versuch im Jahr 2014 begonnen. Die Gr\u00fcner Veltliner Trauben f\u00fcr diesen Wein stammen aus der Lage Altweingarten und sie werden nochmals streng selektiert \u2013 120% Qualit\u00e4t sozusagen. Mittlerweile gibt es auch einen Z\u00fcndstoff vom Riesling, dessen Trauben von einem Herzst\u00fcck der Lage Goldberg kommen.<\/p>\n<\/div><\/section><br \/>\n\n<style type=\"text\/css\" data-created_by=\"avia_inline_auto\" id=\"style-css-av-cny1eu-c265ab931bd7a8f5039aedafaa6b09a4\">\n#top .av_textblock_section.av-cny1eu-c265ab931bd7a8f5039aedafaa6b09a4 .avia_textblock{\nfont-size:18px;\n}\n<\/style>\n<section  class='av_textblock_section av-cny1eu-c265ab931bd7a8f5039aedafaa6b09a4 '   itemscope=\"itemscope\" itemtype=\"https:\/\/schema.org\/CreativeWork\" ><div class='avia_textblock'  itemprop=\"text\" ><p><strong>Charakter<\/strong><\/p>\n<p>Im Oktober wird per Hand gelesen, entrappt und im G\u00e4rst\u00e4nder mit den Schalen vergoren. Im warmen Keller wird angegoren und in der kalten Scheune fertiggegoren. Jeden Tag sto\u00dfen wir h\u00e4ndisch 1\u20132 mal unter, um eine Durchmischung zu gew\u00e4hrleisten und damit die Maische nicht austrocknet. Nach 10\u201314 Tagen wird einmal sanft gepresst, danach reift der Wein 1 Jahr im gebrauchten 225-Liter Barrique. Gesch\u00f6nt und filtriert wird nicht, die Schwefelgabe ist minimal. Der Z\u00fcndstoff vom Gr\u00fcnen Veltliner ist eher auf der karamelligen, w\u00fcrzigen Seite, der vom Riesling begeistert mit viel Frucht und einer schneidigen S\u00e4ure. Weine, die eben f\u00fcr Z\u00fcndstoff sorgen\u2026<\/p>\n<\/div><\/section><\/p><\/div>\n","protected":false},"excerpt":{"rendered":"","protected":false},"author":1,"featured_media":0,"parent":3774,"menu_order":30,"comment_status":"closed","ping_status":"closed","template":"","meta":{"footnotes":""},"class_list":["post-3689","page","type-page","status-publish","hentry"],"yoast_head":"<!-- This site is optimized with the Yoast SEO plugin v27.0 - https:\/\/yoast.com\/product\/yoast-seo-wordpress\/ -->\n<title>Z\u00fcndstoff Maischeg\u00e4rung - Weingut Martin &amp; Ulli Diwald<\/title>\n<meta name=\"robots\" content=\"index, follow, max-snippet:-1, max-image-preview:large, max-video-preview:-1\" \/>\n<link rel=\"canonical\" href=\"https:\/\/www.weingut-diwald.at\/de\/home\/weine\/gruener-veltliner\/zuendstoff\/\" \/>\n<meta property=\"og:locale\" content=\"de_DE\" \/>\n<meta property=\"og:type\" content=\"article\" \/>\n<meta property=\"og:title\" content=\"Z\u00fcndstoff Maischeg\u00e4rung - Weingut Martin &amp; Ulli Diwald\" \/>\n<meta property=\"og:url\" content=\"https:\/\/www.weingut-diwald.at\/de\/home\/weine\/gruener-veltliner\/zuendstoff\/\" \/>\n<meta property=\"og:site_name\" content=\"Weingut Martin &amp; Ulli Diwald\" \/>\n<meta property=\"article:publisher\" content=\"https:\/\/www.facebook.com\/diwald.at\/\" \/>\n<meta property=\"article:modified_time\" content=\"2025-02-26T09:34:14+00:00\" \/>\n<meta property=\"og:image\" content=\"https:\/\/www.weingut-diwald.at\/wp-content\/uploads\/2015\/12\/Bioweingut_Diwald_Weinberg.jpg\" \/>\n\t<meta property=\"og:image:width\" content=\"1000\" \/>\n\t<meta property=\"og:image:height\" content=\"576\" \/>\n\t<meta property=\"og:image:type\" content=\"image\/jpeg\" \/>\n<meta name=\"twitter:card\" content=\"summary_large_image\" \/>\n<meta name=\"twitter:label1\" content=\"Gesch\u00e4tzte Lesezeit\" \/>\n\t<meta name=\"twitter:data1\" content=\"3\u00a0Minuten\" \/>\n<script type=\"application\/ld+json\" class=\"yoast-schema-graph\">{\"@context\":\"https:\/\/schema.org\",\"@graph\":[{\"@type\":\"WebPage\",\"@id\":\"https:\/\/www.weingut-diwald.at\/de\/home\/weine\/gruener-veltliner\/zuendstoff\/\",\"url\":\"https:\/\/www.weingut-diwald.at\/de\/home\/weine\/gruener-veltliner\/zuendstoff\/\",\"name\":\"Z\u00fcndstoff Maischeg\u00e4rung - Weingut Martin &amp; Ulli Diwald\",\"isPartOf\":{\"@id\":\"https:\/\/www.weingut-diwald.at\/de\/home\/#website\"},\"datePublished\":\"2019-03-11T20:06:38+00:00\",\"dateModified\":\"2025-02-26T09:34:14+00:00\",\"breadcrumb\":{\"@id\":\"https:\/\/www.weingut-diwald.at\/de\/home\/weine\/gruener-veltliner\/zuendstoff\/#breadcrumb\"},\"inLanguage\":\"de\",\"potentialAction\":[{\"@type\":\"ReadAction\",\"target\":[\"https:\/\/www.weingut-diwald.at\/de\/home\/weine\/gruener-veltliner\/zuendstoff\/\"]}]},{\"@type\":\"BreadcrumbList\",\"@id\":\"https:\/\/www.weingut-diwald.at\/de\/home\/weine\/gruener-veltliner\/zuendstoff\/#breadcrumb\",\"itemListElement\":[{\"@type\":\"ListItem\",\"position\":1,\"name\":\"Start\",\"item\":\"https:\/\/www.weingut-diwald.at\/de\/home\/\"},{\"@type\":\"ListItem\",\"position\":2,\"name\":\"Weine\",\"item\":\"https:\/\/www.weingut-diwald.at\/de\/home\/weine\/\"},{\"@type\":\"ListItem\",\"position\":3,\"name\":\"Gr\u00fcner Veltliner\",\"item\":\"https:\/\/www.weingut-diwald.at\/de\/home\/weine\/gruener-veltliner\/\"},{\"@type\":\"ListItem\",\"position\":4,\"name\":\"Z\u00fcndstoff Maischeg\u00e4rung\"}]},{\"@type\":\"WebSite\",\"@id\":\"https:\/\/www.weingut-diwald.at\/de\/home\/#website\",\"url\":\"https:\/\/www.weingut-diwald.at\/de\/home\/\",\"name\":\"Weingut Martin & Ulli Diwald\",\"description\":\"Biologischer Weinbau seit 1976\",\"publisher\":{\"@id\":\"https:\/\/www.weingut-diwald.at\/de\/home\/#organization\"},\"potentialAction\":[{\"@type\":\"SearchAction\",\"target\":{\"@type\":\"EntryPoint\",\"urlTemplate\":\"https:\/\/www.weingut-diwald.at\/de\/home\/?s={search_term_string}\"},\"query-input\":{\"@type\":\"PropertyValueSpecification\",\"valueRequired\":true,\"valueName\":\"search_term_string\"}}],\"inLanguage\":\"de\"},{\"@type\":\"Organization\",\"@id\":\"https:\/\/www.weingut-diwald.at\/de\/home\/#organization\",\"name\":\"Weingut Martin & Ulli Diwald\",\"url\":\"https:\/\/www.weingut-diwald.at\/de\/home\/\",\"logo\":{\"@type\":\"ImageObject\",\"inLanguage\":\"de\",\"@id\":\"https:\/\/www.weingut-diwald.at\/de\/home\/#\/schema\/logo\/image\/\",\"url\":\"https:\/\/www.weingut-diwald.at\/wp-content\/uploads\/2015\/12\/Diwald_Logo_Enfold.jpg\",\"contentUrl\":\"https:\/\/www.weingut-diwald.at\/wp-content\/uploads\/2015\/12\/Diwald_Logo_Enfold.jpg\",\"width\":257,\"height\":156,\"caption\":\"Weingut Martin & Ulli Diwald\"},\"image\":{\"@id\":\"https:\/\/www.weingut-diwald.at\/de\/home\/#\/schema\/logo\/image\/\"},\"sameAs\":[\"https:\/\/www.facebook.com\/diwald.at\/\",\"https:\/\/www.instagram.com\/diwald.at\/\"]}]}<\/script>\n<!-- \/ Yoast SEO plugin. -->","yoast_head_json":{"title":"Z\u00fcndstoff Maischeg\u00e4rung - Weingut Martin &amp; Ulli Diwald","robots":{"index":"index","follow":"follow","max-snippet":"max-snippet:-1","max-image-preview":"max-image-preview:large","max-video-preview":"max-video-preview:-1"},"canonical":"https:\/\/www.weingut-diwald.at\/de\/home\/weine\/gruener-veltliner\/zuendstoff\/","og_locale":"de_DE","og_type":"article","og_title":"Z\u00fcndstoff Maischeg\u00e4rung - Weingut Martin &amp; Ulli Diwald","og_url":"https:\/\/www.weingut-diwald.at\/de\/home\/weine\/gruener-veltliner\/zuendstoff\/","og_site_name":"Weingut Martin &amp; Ulli Diwald","article_publisher":"https:\/\/www.facebook.com\/diwald.at\/","article_modified_time":"2025-02-26T09:34:14+00:00","og_image":[{"width":1000,"height":576,"url":"https:\/\/www.weingut-diwald.at\/wp-content\/uploads\/2015\/12\/Bioweingut_Diwald_Weinberg.jpg","type":"image\/jpeg"}],"twitter_card":"summary_large_image","twitter_misc":{"Gesch\u00e4tzte Lesezeit":"3\u00a0Minuten"},"schema":{"@context":"https:\/\/schema.org","@graph":[{"@type":"WebPage","@id":"https:\/\/www.weingut-diwald.at\/de\/home\/weine\/gruener-veltliner\/zuendstoff\/","url":"https:\/\/www.weingut-diwald.at\/de\/home\/weine\/gruener-veltliner\/zuendstoff\/","name":"Z\u00fcndstoff Maischeg\u00e4rung - Weingut Martin &amp; Ulli Diwald","isPartOf":{"@id":"https:\/\/www.weingut-diwald.at\/de\/home\/#website"},"datePublished":"2019-03-11T20:06:38+00:00","dateModified":"2025-02-26T09:34:14+00:00","breadcrumb":{"@id":"https:\/\/www.weingut-diwald.at\/de\/home\/weine\/gruener-veltliner\/zuendstoff\/#breadcrumb"},"inLanguage":"de","potentialAction":[{"@type":"ReadAction","target":["https:\/\/www.weingut-diwald.at\/de\/home\/weine\/gruener-veltliner\/zuendstoff\/"]}]},{"@type":"BreadcrumbList","@id":"https:\/\/www.weingut-diwald.at\/de\/home\/weine\/gruener-veltliner\/zuendstoff\/#breadcrumb","itemListElement":[{"@type":"ListItem","position":1,"name":"Start","item":"https:\/\/www.weingut-diwald.at\/de\/home\/"},{"@type":"ListItem","position":2,"name":"Weine","item":"https:\/\/www.weingut-diwald.at\/de\/home\/weine\/"},{"@type":"ListItem","position":3,"name":"Gr\u00fcner Veltliner","item":"https:\/\/www.weingut-diwald.at\/de\/home\/weine\/gruener-veltliner\/"},{"@type":"ListItem","position":4,"name":"Z\u00fcndstoff Maischeg\u00e4rung"}]},{"@type":"WebSite","@id":"https:\/\/www.weingut-diwald.at\/de\/home\/#website","url":"https:\/\/www.weingut-diwald.at\/de\/home\/","name":"Weingut Martin & Ulli Diwald","description":"Biologischer Weinbau seit 1976","publisher":{"@id":"https:\/\/www.weingut-diwald.at\/de\/home\/#organization"},"potentialAction":[{"@type":"SearchAction","target":{"@type":"EntryPoint","urlTemplate":"https:\/\/www.weingut-diwald.at\/de\/home\/?s={search_term_string}"},"query-input":{"@type":"PropertyValueSpecification","valueRequired":true,"valueName":"search_term_string"}}],"inLanguage":"de"},{"@type":"Organization","@id":"https:\/\/www.weingut-diwald.at\/de\/home\/#organization","name":"Weingut Martin & Ulli Diwald","url":"https:\/\/www.weingut-diwald.at\/de\/home\/","logo":{"@type":"ImageObject","inLanguage":"de","@id":"https:\/\/www.weingut-diwald.at\/de\/home\/#\/schema\/logo\/image\/","url":"https:\/\/www.weingut-diwald.at\/wp-content\/uploads\/2015\/12\/Diwald_Logo_Enfold.jpg","contentUrl":"https:\/\/www.weingut-diwald.at\/wp-content\/uploads\/2015\/12\/Diwald_Logo_Enfold.jpg","width":257,"height":156,"caption":"Weingut Martin & Ulli Diwald"},"image":{"@id":"https:\/\/www.weingut-diwald.at\/de\/home\/#\/schema\/logo\/image\/"},"sameAs":["https:\/\/www.facebook.com\/diwald.at\/","https:\/\/www.instagram.com\/diwald.at\/"]}]}},"_links":{"self":[{"href":"https:\/\/www.weingut-diwald.at\/de\/home\/wp-json\/wp\/v2\/pages\/3689","targetHints":{"allow":["GET"]}}],"collection":[{"href":"https:\/\/www.weingut-diwald.at\/de\/home\/wp-json\/wp\/v2\/pages"}],"about":[{"href":"https:\/\/www.weingut-diwald.at\/de\/home\/wp-json\/wp\/v2\/types\/page"}],"author":[{"embeddable":true,"href":"https:\/\/www.weingut-diwald.at\/de\/home\/wp-json\/wp\/v2\/users\/1"}],"replies":[{"embeddable":true,"href":"https:\/\/www.weingut-diwald.at\/de\/home\/wp-json\/wp\/v2\/comments?post=3689"}],"version-history":[{"count":7,"href":"https:\/\/www.weingut-diwald.at\/de\/home\/wp-json\/wp\/v2\/pages\/3689\/revisions"}],"predecessor-version":[{"id":5417,"href":"https:\/\/www.weingut-diwald.at\/de\/home\/wp-json\/wp\/v2\/pages\/3689\/revisions\/5417"}],"up":[{"embeddable":true,"href":"https:\/\/www.weingut-diwald.at\/de\/home\/wp-json\/wp\/v2\/pages\/3774"}],"wp:attachment":[{"href":"https:\/\/www.weingut-diwald.at\/de\/home\/wp-json\/wp\/v2\/media?parent=3689"}],"curies":[{"name":"wp","href":"https:\/\/api.w.org\/{rel}","templated":true}]}}