{"id":3730,"date":"2019-03-15T20:33:08","date_gmt":"2019-03-15T19:33:08","guid":{"rendered":"http:\/\/www.weingut-diwald.at\/de\/home\/?page_id=3730"},"modified":"2024-05-02T10:29:40","modified_gmt":"2024-05-02T08:29:40","slug":"contact","status":"publish","type":"page","link":"https:\/\/www.weingut-diwald.at\/de\/home\/en\/contact\/","title":{"rendered":"contact"},"content":{"rendered":"\n<style type=\"text\/css\" data-created_by=\"avia_inline_auto\" id=\"style-css-av-m4jwwi-fece006e667a54295f0c7b5381193ebb\">\n.flex_column.av-m4jwwi-fece006e667a54295f0c7b5381193ebb{\nborder-radius:0px 0px 0px 0px;\npadding:0px 0px 0px 0px;\n}\n<\/style>\n<div  class='flex_column av-m4jwwi-fece006e667a54295f0c7b5381193ebb av_one_full  avia-builder-el-0  el_before_av_heading  avia-builder-el-first  first flex_column_div av-zero-column-padding  '     ><style type=\"text\/css\" data-created_by=\"avia_inline_auto\" id=\"style-css-av-lhaq0i-10f226c0ac85b9b7593ee219e35292e2\">\n.avia-image-container.av-lhaq0i-10f226c0ac85b9b7593ee219e35292e2 img.avia_image{\nbox-shadow:none;\n}\n.avia-image-container.av-lhaq0i-10f226c0ac85b9b7593ee219e35292e2 .av-image-caption-overlay-center{\ncolor:#ffffff;\n}\n<\/style>\n<div  class='avia-image-container av-lhaq0i-10f226c0ac85b9b7593ee219e35292e2 av-styling- avia-align-center  avia-builder-el-1  avia-builder-el-no-sibling '   itemprop=\"image\" itemscope=\"itemscope\" itemtype=\"https:\/\/schema.org\/ImageObject\" ><div class=\"avia-image-container-inner\"><div class=\"avia-image-overlay-wrap\"><img decoding=\"async\" fetchpriority=\"high\" class='wp-image-5168 avia-img-lazy-loading-not-5168 avia_image ' src=\"https:\/\/www.weingut-diwald.at\/wp-content\/uploads\/2024\/05\/Schafe-1-2.jpg\" alt='' title='Schafe 1'  height=\"576\" width=\"1024\"  itemprop=\"thumbnailUrl\" srcset=\"https:\/\/www.weingut-diwald.at\/wp-content\/uploads\/2024\/05\/Schafe-1-2.jpg 1024w, https:\/\/www.weingut-diwald.at\/wp-content\/uploads\/2024\/05\/Schafe-1-2-300x169.jpg 300w, https:\/\/www.weingut-diwald.at\/wp-content\/uploads\/2024\/05\/Schafe-1-2-768x432.jpg 768w, https:\/\/www.weingut-diwald.at\/wp-content\/uploads\/2024\/05\/Schafe-1-2-705x397.jpg 705w\" sizes=\"(max-width: 1024px) 100vw, 1024px\" \/><\/div><\/div><\/div><\/div>\n<style type=\"text\/css\" data-created_by=\"avia_inline_auto\" id=\"style-css-av-jtagik3j-758f0654e30e0dfb018f9071f3f9e52b\">\n#top .av-special-heading.av-jtagik3j-758f0654e30e0dfb018f9071f3f9e52b{\npadding-bottom:10px;\n}\nbody .av-special-heading.av-jtagik3j-758f0654e30e0dfb018f9071f3f9e52b .av-special-heading-tag .heading-char{\nfont-size:25px;\n}\n.av-special-heading.av-jtagik3j-758f0654e30e0dfb018f9071f3f9e52b .av-subheading{\nfont-size:15px;\n}\n<\/style>\n<div  class='av-special-heading av-jtagik3j-758f0654e30e0dfb018f9071f3f9e52b av-special-heading-h4 blockquote modern-quote  avia-builder-el-2  el_after_av_one_full  el_before_av_one_half '><h4 class='av-special-heading-tag '  itemprop=\"headline\"  >contact<\/h4><div class=\"special-heading-border\"><div class=\"special-heading-inner-border\"><\/div><\/div><\/div><\/p>\n\n<style type=\"text\/css\" data-created_by=\"avia_inline_auto\" id=\"style-css-av-1silrm-23f52079558b1049e54a8106d9b0626f\">\n.flex_column.av-1silrm-23f52079558b1049e54a8106d9b0626f{\nborder-radius:0px 0px 0px 0px;\npadding:0px 0px 0px 0px;\n}\n<\/style>\n<div  class='flex_column av-1silrm-23f52079558b1049e54a8106d9b0626f av_one_half  avia-builder-el-3  el_after_av_heading  el_before_av_one_half  first flex_column_div av-zero-column-padding  '     ><form action=\"https:\/\/www.weingut-diwald.at\/de\/home\/en\/contact\/\" method=\"post\" data-fields-with-error=\"Fehler wurden in folgenden Feld(ern) gefunden:\" class=\"avia_ajax_form av-form-labels-visible   avia-builder-el-4  avia-builder-el-no-sibling   \" data-avia-form-id=\"1\" data-avia-redirect='' ><h3 class=''>We are looking forward to your message<\/h3><fieldset><p class='  first_form  form_element form_fullwidth' id='element_avia_1_1'><label for=\"avia_1_1\">name <abbr class=\"required\" title=\"ben\u00f6tigt\">*<\/abbr><\/label> <input name=\"avia_1_1\" class=\"text_input is_empty\" type=\"text\" id=\"avia_1_1\" value=\"\" \/><\/p><p class='  first_form  form_element form_fullwidth' id='element_avia_2_1'><label for=\"avia_2_1\">e-mail <abbr class=\"required\" title=\"ben\u00f6tigt\">*<\/abbr><\/label> <input name=\"avia_2_1\" class=\"text_input is_email\" type=\"text\" id=\"avia_2_1\" value=\"\" \/><\/p><p class='  first_form  form_element form_fullwidth' id='element_avia_3_1'><label for=\"avia_3_1\">subject <abbr class=\"required\" title=\"ben\u00f6tigt\">*<\/abbr><\/label> <input name=\"avia_3_1\" class=\"text_input is_empty\" type=\"text\" id=\"avia_3_1\" value=\"\" \/><\/p><p class='  first_form  form_element form_fullwidth' id='element_avia_4_1'><label for=\"avia_4_1\" class=\"textare_label hidden textare_label_avia_4_1\">your message <abbr class=\"required\" title=\"ben\u00f6tigt\">*<\/abbr><\/label><textarea  name=\"avia_4_1\" class=\"text_area is_empty\" cols=\"40\" rows=\"7\" id=\"avia_4_1\" ><\/textarea><\/p><p class='  first_form  form_element form_fullwidth av-last-visible-form-element' id='element_avia_5_1'><input  name=\"avia_5_1\" class=\"input_checkbox is_empty\" type=\"checkbox\" id=\"avia_5_1\" value=\"true\"\/><label class=\"input_checkbox_label\" for=\"avia_5_1\">I agree the terms and condistions and the privacy statement <abbr class=\"required\" title=\"ben\u00f6tigt\">*<\/abbr><\/label><\/p><p class=\"hidden\"><input type=\"text\" name=\"avia_6_1\" class=\"hidden \" id=\"avia_6_1\" value=\"\" \/><\/p><p class=\"form_element \"><input type=\"hidden\" value=\"1\" name=\"avia_generated_form1\" \/><input type=\"submit\" value=\"send\" class=\"button\"  data-sending-label=\"Sende\"\/><\/p><\/fieldset><\/form><div id=\"ajaxresponse_1\" class=\"ajaxresponse ajaxresponse_1 hidden\"><\/div><\/div>\n\n<style type=\"text\/css\" data-created_by=\"avia_inline_auto\" id=\"style-css-av-81iizm-2af37f50daa54eaef9283bb2aa5a9624\">\n.flex_column.av-81iizm-2af37f50daa54eaef9283bb2aa5a9624{\nborder-radius:0px 0px 0px 0px;\npadding:0px 0px 0px 0px;\n}\n<\/style>\n<div  class='flex_column av-81iizm-2af37f50daa54eaef9283bb2aa5a9624 av_one_half  avia-builder-el-5  el_after_av_one_half  el_before_av_hr  flex_column_div av-zero-column-padding  '     ><div  class='avia-testimonial-wrapper av-5tm5lu-59b10e2a1c2dfdd953c5b0aeb4fe7a57 avia-grid-testimonials avia-grid-2-testimonials avia_animate_when_almost_visible' >\n<section class=\"avia-testimonial-row\"><div class='avia-testimonial av-dnr9u-23b5e97b9eaf612737cec061788860a9 avia-testimonial-row-1 avia-first-testimonial flex_column no_margin av_one_half'><div class='avia-testimonial_inner'  itemscope=\"itemscope\" itemtype=\"https:\/\/schema.org\/CreativeWork\" ><div class='avia-testimonial-image'  itemprop=\"image\" ><img loading=\"lazy\" decoding=\"async\" width=\"180\" height=\"180\" src=\"https:\/\/www.weingut-diwald.at\/wp-content\/uploads\/2024\/05\/IMGP1113-1-180x180.jpg\" class=\"attachment-square size-square\" alt=\"\" srcset=\"https:\/\/www.weingut-diwald.at\/wp-content\/uploads\/2024\/05\/IMGP1113-1-180x180.jpg 180w, https:\/\/www.weingut-diwald.at\/wp-content\/uploads\/2024\/05\/IMGP1113-1-80x80.jpg 80w, https:\/\/www.weingut-diwald.at\/wp-content\/uploads\/2024\/05\/IMGP1113-1-36x36.jpg 36w\" sizes=\"auto, (max-width: 180px) 100vw, 180px\" \/><\/div><div class='avia-testimonial-content '><div class='avia-testimonial-markup-entry-content'  itemprop=\"text\" ><p>\u00bbModerner Bioweinbau ist nicht Schnee von gestern. Es ist die zeitgem\u00e4\u00dfe Weiterentwicklung der heutigen Weinkultur. Aber mit der Zielsetzung, unter gr\u00f6\u00dftm\u00f6glicher Schonung von Ressourcen und Umwelt einen authentischen Wein zu schaffen.<\/p>\n<p>Das gilt im Weinberg ebenso wie fu\u0308r die Kellerarbeit. Wir verwenden keine Reinzuchthefen, Enzyme oder sonstiges, was unseren Wein verf\u00e4lschen wu\u0308rde.\u00ab<\/p>\n<\/div><\/div><div class=\"avia-testimonial-meta\"><div class=\"avia-testimonial-arrow-wrap\"><div class=\"avia-arrow\"><\/div><\/div><div class='avia-testimonial-meta-mini'  itemprop=\"author\" itemscope=\"itemscope\" itemtype=\"https:\/\/schema.org\/Person\" ><strong  class='avia-testimonial-name'  itemprop=\"name\" >Martin Diwald<\/strong><span  class='avia-testimonial-subtitle '  itemprop=\"jobTitle\" >Bioweingut Diwald<\/span><\/div><\/div><\/div><\/div>\n<\/section><\/div><\/div><div  class='hr av-277kz6-25a2cdecc4deb83c173e0d13e650ea84 hr-default  avia-builder-el-7  el_after_av_one_half  avia-builder-el-last '><span class='hr-inner '><span class=\"hr-inner-style\"><\/span><\/span><\/div><\/p>\n","protected":false},"excerpt":{"rendered":"","protected":false},"author":1,"featured_media":0,"parent":0,"menu_order":0,"comment_status":"closed","ping_status":"closed","template":"","meta":{"footnotes":""},"class_list":["post-3730","page","type-page","status-publish","hentry"],"yoast_head":"<!-- This site is optimized with the Yoast SEO plugin v27.0 - https:\/\/yoast.com\/product\/yoast-seo-wordpress\/ -->\n<title>contact - Weingut Martin &amp; Ulli Diwald<\/title>\n<meta name=\"robots\" content=\"index, follow, max-snippet:-1, max-image-preview:large, max-video-preview:-1\" \/>\n<link rel=\"canonical\" href=\"https:\/\/www.weingut-diwald.at\/de\/home\/en\/contact\/\" \/>\n<meta property=\"og:locale\" content=\"de_DE\" \/>\n<meta property=\"og:type\" content=\"article\" \/>\n<meta property=\"og:title\" content=\"contact - Weingut Martin &amp; Ulli Diwald\" \/>\n<meta property=\"og:url\" content=\"https:\/\/www.weingut-diwald.at\/de\/home\/en\/contact\/\" \/>\n<meta property=\"og:site_name\" content=\"Weingut Martin &amp; Ulli Diwald\" \/>\n<meta property=\"article:publisher\" content=\"https:\/\/www.facebook.com\/diwald.at\/\" \/>\n<meta property=\"article:modified_time\" content=\"2024-05-02T08:29:40+00:00\" \/>\n<meta property=\"og:image\" content=\"https:\/\/www.weingut-diwald.at\/wp-content\/uploads\/2015\/12\/Bioweingut_Diwald_Weinberg.jpg\" \/>\n\t<meta property=\"og:image:width\" content=\"1000\" \/>\n\t<meta property=\"og:image:height\" content=\"576\" \/>\n\t<meta property=\"og:image:type\" content=\"image\/jpeg\" \/>\n<meta name=\"twitter:card\" content=\"summary_large_image\" \/>\n<meta name=\"twitter:label1\" content=\"Gesch\u00e4tzte Lesezeit\" \/>\n\t<meta name=\"twitter:data1\" content=\"6\u00a0Minuten\" \/>\n<script type=\"application\/ld+json\" class=\"yoast-schema-graph\">{\"@context\":\"https:\/\/schema.org\",\"@graph\":[{\"@type\":\"WebPage\",\"@id\":\"https:\/\/www.weingut-diwald.at\/de\/home\/en\/contact\/\",\"url\":\"https:\/\/www.weingut-diwald.at\/de\/home\/en\/contact\/\",\"name\":\"contact - Weingut Martin &amp; Ulli Diwald\",\"isPartOf\":{\"@id\":\"https:\/\/www.weingut-diwald.at\/de\/home\/#website\"},\"datePublished\":\"2019-03-15T19:33:08+00:00\",\"dateModified\":\"2024-05-02T08:29:40+00:00\",\"breadcrumb\":{\"@id\":\"https:\/\/www.weingut-diwald.at\/de\/home\/en\/contact\/#breadcrumb\"},\"inLanguage\":\"de\",\"potentialAction\":[{\"@type\":\"ReadAction\",\"target\":[\"https:\/\/www.weingut-diwald.at\/de\/home\/en\/contact\/\"]}]},{\"@type\":\"BreadcrumbList\",\"@id\":\"https:\/\/www.weingut-diwald.at\/de\/home\/en\/contact\/#breadcrumb\",\"itemListElement\":[{\"@type\":\"ListItem\",\"position\":1,\"name\":\"Start\",\"item\":\"https:\/\/www.weingut-diwald.at\/de\/home\/\"},{\"@type\":\"ListItem\",\"position\":2,\"name\":\"contact\"}]},{\"@type\":\"WebSite\",\"@id\":\"https:\/\/www.weingut-diwald.at\/de\/home\/#website\",\"url\":\"https:\/\/www.weingut-diwald.at\/de\/home\/\",\"name\":\"Weingut Martin & Ulli Diwald\",\"description\":\"Biologischer Weinbau seit 1976\",\"publisher\":{\"@id\":\"https:\/\/www.weingut-diwald.at\/de\/home\/#organization\"},\"potentialAction\":[{\"@type\":\"SearchAction\",\"target\":{\"@type\":\"EntryPoint\",\"urlTemplate\":\"https:\/\/www.weingut-diwald.at\/de\/home\/?s={search_term_string}\"},\"query-input\":{\"@type\":\"PropertyValueSpecification\",\"valueRequired\":true,\"valueName\":\"search_term_string\"}}],\"inLanguage\":\"de\"},{\"@type\":\"Organization\",\"@id\":\"https:\/\/www.weingut-diwald.at\/de\/home\/#organization\",\"name\":\"Weingut Martin & Ulli Diwald\",\"url\":\"https:\/\/www.weingut-diwald.at\/de\/home\/\",\"logo\":{\"@type\":\"ImageObject\",\"inLanguage\":\"de\",\"@id\":\"https:\/\/www.weingut-diwald.at\/de\/home\/#\/schema\/logo\/image\/\",\"url\":\"https:\/\/www.weingut-diwald.at\/wp-content\/uploads\/2015\/12\/Diwald_Logo_Enfold.jpg\",\"contentUrl\":\"https:\/\/www.weingut-diwald.at\/wp-content\/uploads\/2015\/12\/Diwald_Logo_Enfold.jpg\",\"width\":257,\"height\":156,\"caption\":\"Weingut Martin & Ulli Diwald\"},\"image\":{\"@id\":\"https:\/\/www.weingut-diwald.at\/de\/home\/#\/schema\/logo\/image\/\"},\"sameAs\":[\"https:\/\/www.facebook.com\/diwald.at\/\",\"https:\/\/www.instagram.com\/diwald.at\/\"]}]}<\/script>\n<!-- \/ Yoast SEO plugin. -->","yoast_head_json":{"title":"contact - Weingut Martin &amp; Ulli Diwald","robots":{"index":"index","follow":"follow","max-snippet":"max-snippet:-1","max-image-preview":"max-image-preview:large","max-video-preview":"max-video-preview:-1"},"canonical":"https:\/\/www.weingut-diwald.at\/de\/home\/en\/contact\/","og_locale":"de_DE","og_type":"article","og_title":"contact - Weingut Martin &amp; Ulli Diwald","og_url":"https:\/\/www.weingut-diwald.at\/de\/home\/en\/contact\/","og_site_name":"Weingut Martin &amp; Ulli Diwald","article_publisher":"https:\/\/www.facebook.com\/diwald.at\/","article_modified_time":"2024-05-02T08:29:40+00:00","og_image":[{"width":1000,"height":576,"url":"https:\/\/www.weingut-diwald.at\/wp-content\/uploads\/2015\/12\/Bioweingut_Diwald_Weinberg.jpg","type":"image\/jpeg"}],"twitter_card":"summary_large_image","twitter_misc":{"Gesch\u00e4tzte Lesezeit":"6\u00a0Minuten"},"schema":{"@context":"https:\/\/schema.org","@graph":[{"@type":"WebPage","@id":"https:\/\/www.weingut-diwald.at\/de\/home\/en\/contact\/","url":"https:\/\/www.weingut-diwald.at\/de\/home\/en\/contact\/","name":"contact - Weingut Martin &amp; Ulli Diwald","isPartOf":{"@id":"https:\/\/www.weingut-diwald.at\/de\/home\/#website"},"datePublished":"2019-03-15T19:33:08+00:00","dateModified":"2024-05-02T08:29:40+00:00","breadcrumb":{"@id":"https:\/\/www.weingut-diwald.at\/de\/home\/en\/contact\/#breadcrumb"},"inLanguage":"de","potentialAction":[{"@type":"ReadAction","target":["https:\/\/www.weingut-diwald.at\/de\/home\/en\/contact\/"]}]},{"@type":"BreadcrumbList","@id":"https:\/\/www.weingut-diwald.at\/de\/home\/en\/contact\/#breadcrumb","itemListElement":[{"@type":"ListItem","position":1,"name":"Start","item":"https:\/\/www.weingut-diwald.at\/de\/home\/"},{"@type":"ListItem","position":2,"name":"contact"}]},{"@type":"WebSite","@id":"https:\/\/www.weingut-diwald.at\/de\/home\/#website","url":"https:\/\/www.weingut-diwald.at\/de\/home\/","name":"Weingut Martin & Ulli Diwald","description":"Biologischer Weinbau seit 1976","publisher":{"@id":"https:\/\/www.weingut-diwald.at\/de\/home\/#organization"},"potentialAction":[{"@type":"SearchAction","target":{"@type":"EntryPoint","urlTemplate":"https:\/\/www.weingut-diwald.at\/de\/home\/?s={search_term_string}"},"query-input":{"@type":"PropertyValueSpecification","valueRequired":true,"valueName":"search_term_string"}}],"inLanguage":"de"},{"@type":"Organization","@id":"https:\/\/www.weingut-diwald.at\/de\/home\/#organization","name":"Weingut Martin & Ulli Diwald","url":"https:\/\/www.weingut-diwald.at\/de\/home\/","logo":{"@type":"ImageObject","inLanguage":"de","@id":"https:\/\/www.weingut-diwald.at\/de\/home\/#\/schema\/logo\/image\/","url":"https:\/\/www.weingut-diwald.at\/wp-content\/uploads\/2015\/12\/Diwald_Logo_Enfold.jpg","contentUrl":"https:\/\/www.weingut-diwald.at\/wp-content\/uploads\/2015\/12\/Diwald_Logo_Enfold.jpg","width":257,"height":156,"caption":"Weingut Martin & Ulli Diwald"},"image":{"@id":"https:\/\/www.weingut-diwald.at\/de\/home\/#\/schema\/logo\/image\/"},"sameAs":["https:\/\/www.facebook.com\/diwald.at\/","https:\/\/www.instagram.com\/diwald.at\/"]}]}},"_links":{"self":[{"href":"https:\/\/www.weingut-diwald.at\/de\/home\/wp-json\/wp\/v2\/pages\/3730","targetHints":{"allow":["GET"]}}],"collection":[{"href":"https:\/\/www.weingut-diwald.at\/de\/home\/wp-json\/wp\/v2\/pages"}],"about":[{"href":"https:\/\/www.weingut-diwald.at\/de\/home\/wp-json\/wp\/v2\/types\/page"}],"author":[{"embeddable":true,"href":"https:\/\/www.weingut-diwald.at\/de\/home\/wp-json\/wp\/v2\/users\/1"}],"replies":[{"embeddable":true,"href":"https:\/\/www.weingut-diwald.at\/de\/home\/wp-json\/wp\/v2\/comments?post=3730"}],"version-history":[{"count":5,"href":"https:\/\/www.weingut-diwald.at\/de\/home\/wp-json\/wp\/v2\/pages\/3730\/revisions"}],"predecessor-version":[{"id":5170,"href":"https:\/\/www.weingut-diwald.at\/de\/home\/wp-json\/wp\/v2\/pages\/3730\/revisions\/5170"}],"wp:attachment":[{"href":"https:\/\/www.weingut-diwald.at\/de\/home\/wp-json\/wp\/v2\/media?parent=3730"}],"curies":[{"name":"wp","href":"https:\/\/api.w.org\/{rel}","templated":true}]}}