{"id":3787,"date":"2019-03-15T22:24:42","date_gmt":"2019-03-15T21:24:42","guid":{"rendered":"http:\/\/www.weingut-diwald.at\/de\/home\/?page_id=3787"},"modified":"2025-02-26T10:34:44","modified_gmt":"2025-02-26T09:34:44","slug":"zuendstoff-maischegaerung-en","status":"publish","type":"page","link":"https:\/\/www.weingut-diwald.at\/de\/home\/en\/our-wines\/gruener-veltliner-en\/zuendstoff-maischegaerung-en\/","title":{"rendered":"Z\u00fcndstoff Maischeg\u00e4rung EN"},"content":{"rendered":"\n<style type=\"text\/css\" data-created_by=\"avia_inline_auto\" id=\"style-css-av-2r1yu3-ec5808c6e8e770e2206effc52652a79f\">\n.flex_column.av-2r1yu3-ec5808c6e8e770e2206effc52652a79f{\nborder-radius:0px 0px 0px 0px;\npadding:0px 0px 0px 0px;\n}\n<\/style>\n<div  class='flex_column av-2r1yu3-ec5808c6e8e770e2206effc52652a79f av_one_third  avia-builder-el-0  el_before_av_two_third  avia-builder-el-first  first flex_column_div av-zero-column-padding  '     ><style type=\"text\/css\" data-created_by=\"avia_inline_auto\" id=\"style-css-av-jtda8lk8-6c6c3d43b37ad340de0f45a5d87cd56a\">\n.avia-image-container.av-jtda8lk8-6c6c3d43b37ad340de0f45a5d87cd56a img.avia_image{\nbox-shadow:none;\n}\n.avia-image-container.av-jtda8lk8-6c6c3d43b37ad340de0f45a5d87cd56a .av-image-caption-overlay-center{\ncolor:#ffffff;\n}\n<\/style>\n<div  class='avia-image-container av-jtda8lk8-6c6c3d43b37ad340de0f45a5d87cd56a av-styling- avia-align-center  avia-builder-el-1  avia-builder-el-no-sibling '   itemprop=\"image\" itemscope=\"itemscope\" itemtype=\"https:\/\/schema.org\/ImageObject\" ><div class=\"avia-image-container-inner\"><div class=\"avia-image-overlay-wrap\"><img decoding=\"async\" fetchpriority=\"high\" class='wp-image-4301 avia-img-lazy-loading-not-4301 avia_image ' src=\"https:\/\/www.weingut-diwald.at\/wp-content\/uploads\/2021\/01\/Zuendstoff_Gruener_Veltliner-Diwald_Weine-1.jpg\" alt='Zuendstoff_Gruener_Veltliner-Diwald_Weine' title='Z\u00fcndstoff Veltliner'  height=\"1030\" width=\"438\"  itemprop=\"thumbnailUrl\" srcset=\"https:\/\/www.weingut-diwald.at\/wp-content\/uploads\/2021\/01\/Zuendstoff_Gruener_Veltliner-Diwald_Weine-1.jpg 438w, https:\/\/www.weingut-diwald.at\/wp-content\/uploads\/2021\/01\/Zuendstoff_Gruener_Veltliner-Diwald_Weine-1-128x300.jpg 128w, https:\/\/www.weingut-diwald.at\/wp-content\/uploads\/2021\/01\/Zuendstoff_Gruener_Veltliner-Diwald_Weine-1-300x705.jpg 300w, https:\/\/www.weingut-diwald.at\/wp-content\/uploads\/2021\/01\/Zuendstoff_Gruener_Veltliner-Diwald_Weine-1-425x999.jpg 425w\" sizes=\"(max-width: 438px) 100vw, 438px\" \/><\/div><\/div><\/div><\/div>\n\n<style type=\"text\/css\" data-created_by=\"avia_inline_auto\" id=\"style-css-av-abn9va-eeacdddc775a3689504116a0f1954a45\">\n.flex_column.av-abn9va-eeacdddc775a3689504116a0f1954a45{\nborder-radius:0px 0px 0px 0px;\npadding:0px 0px 0px 0px;\n}\n<\/style>\n<div  class='flex_column av-abn9va-eeacdddc775a3689504116a0f1954a45 av_two_third  avia-builder-el-2  el_after_av_one_third  avia-builder-el-last  flex_column_div av-zero-column-padding  '     ><p><div  class='avia-video av-kq940zm6-79d5cfed8f4dedc4f10323a2981074b2 avia-video-16-9 av-no-preview-image avia-video-load-always avia-video-html5'  itemprop=\"video\" itemtype=\"https:\/\/schema.org\/VideoObject\"  data-original_url='https:\/\/www.weingut-diwald.at\/wp-content\/uploads\/2021\/02\/Diwald_Master_EN-Breitband-komprimiert-1.mp4'><video class='avia_video'    preload=\"auto\"  controls id='player_3787_421239977_579830892'><source src='https:\/\/www.weingut-diwald.at\/wp-content\/uploads\/2021\/02\/Diwald_Master_EN-Breitband-komprimiert-1.mp4' type='video\/mp4' \/><\/video><\/div><br \/>\n<div  class='avia-buttonrow-wrap av-kq942ew7-01086e1a7220dae80eddaf3b7042c3de avia-buttonrow-center  avia-builder-el-4  el_after_av_video  el_before_av_heading '>\n\n<style type=\"text\/css\" data-created_by=\"avia_inline_auto\" id=\"style-css-av-1x1xnv-cbc7defebbf580bfdc55a3d721e58dc2\">\n#top #wrap_all .avia-button.av-1x1xnv-cbc7defebbf580bfdc55a3d721e58dc2{\nmargin-bottom:5px;\nmargin-right:3px;\nmargin-left:3px;\n}\n<\/style>\n<a href='https:\/\/www.weingut-diwald.at\/de\/home\/weine\/ausgefallenes\/zuendstoff\/'  class='avia-button av-1x1xnv-cbc7defebbf580bfdc55a3d721e58dc2 avia-icon_select-yes-left-icon avia-size-small avia-color-theme-color'   aria-label=\"Deutsch\"><span class='avia_button_icon avia_button_icon_left avia-iconfont avia-font-entypo-fontello' data-av_icon='\ue871' data-av_iconfont='entypo-fontello' ><\/span><span class='avia_iconbox_title' >Deutsch<\/span><\/a>\n<\/div><br \/>\n\n<style type=\"text\/css\" data-created_by=\"avia_inline_auto\" id=\"style-css-av-kq944wtz-9f98de56f9de8de3cce23f13c0d15d92\">\n#top .av-special-heading.av-kq944wtz-9f98de56f9de8de3cce23f13c0d15d92{\npadding-bottom:0;\n}\nbody .av-special-heading.av-kq944wtz-9f98de56f9de8de3cce23f13c0d15d92 .av-special-heading-tag .heading-char{\nfont-size:25px;\n}\n.av-special-heading.av-kq944wtz-9f98de56f9de8de3cce23f13c0d15d92 .av-subheading{\nfont-size:15px;\n}\n<\/style>\n<div  class='av-special-heading av-kq944wtz-9f98de56f9de8de3cce23f13c0d15d92 av-special-heading-h4 blockquote modern-quote modern-centered  avia-builder-el-5  el_after_av_buttonrow  el_before_av_textblock '><h4 class='av-special-heading-tag '  itemprop=\"headline\"  >\u00bbZ\u00fcndstoff Maischeg\u00e4rung\u00ab<\/h4><div class=\"special-heading-border\"><div class=\"special-heading-inner-border\"><\/div><\/div><\/div><br \/>\n\n<style type=\"text\/css\" data-created_by=\"avia_inline_auto\" id=\"style-css-av-cny1eu-c265ab931bd7a8f5039aedafaa6b09a4\">\n#top .av_textblock_section.av-cny1eu-c265ab931bd7a8f5039aedafaa6b09a4 .avia_textblock{\nfont-size:18px;\n}\n<\/style>\n<section  class='av_textblock_section av-cny1eu-c265ab931bd7a8f5039aedafaa6b09a4 '   itemscope=\"itemscope\" itemtype=\"https:\/\/schema.org\/CreativeWork\" ><div class='avia_textblock'  itemprop=\"text\" ><p><strong>Origin<\/strong><\/p>\n<p>What began as an experiment back in 2014 has since become a very successful project. The Gr\u00fcner Veltliner grapes used for this wine stem from the Altweingarten site and are selected even more meticulously \u2013 to insure 120% quality fruit, so to speak. We now also have a Z\u00fcndstoff Riesling whose grapes come from the heart of the Goldberg vineyard.<\/p>\n<\/div><\/section><br \/>\n\n<style type=\"text\/css\" data-created_by=\"avia_inline_auto\" id=\"style-css-av-cny1eu-c265ab931bd7a8f5039aedafaa6b09a4\">\n#top .av_textblock_section.av-cny1eu-c265ab931bd7a8f5039aedafaa6b09a4 .avia_textblock{\nfont-size:18px;\n}\n<\/style>\n<section  class='av_textblock_section av-cny1eu-c265ab931bd7a8f5039aedafaa6b09a4 '   itemscope=\"itemscope\" itemtype=\"https:\/\/schema.org\/CreativeWork\" ><div class='avia_textblock'  itemprop=\"text\" ><p><strong>Character<\/strong><\/p>\n<p>In October, the grapes are hand-picked, de-stemmed and fermented on the skins in a fermentation tank. The juice begins its fermentation process in a warm cellar and then finishes fermenting in a cold barn. Every day, we punch down the cap once or twice in order to mix the juice through and to avoid drying out the skins. 10 &#8211; 14 days later, we do a single gentle pressing before we let the wines mature in used 225-litres barrels for 12 months. We neither filter nor fine the wines, and only a small amount of sulphur is added. The Z\u00fcndstoff made from Gr\u00fcner Veltliner grapes is more on the butterscotch, spicy side, while the Z\u00fcndstoff Riesling excites the palate with plenty of fruit and a razor-sharp acidity. These wines are simply dynamite\u2026<\/p>\n<\/div><\/section><\/p><\/div>\n","protected":false},"excerpt":{"rendered":"","protected":false},"author":1,"featured_media":0,"parent":3799,"menu_order":30,"comment_status":"closed","ping_status":"closed","template":"","meta":{"footnotes":""},"class_list":["post-3787","page","type-page","status-publish","hentry"],"yoast_head":"<!-- This site is optimized with the Yoast SEO plugin v27.0 - https:\/\/yoast.com\/product\/yoast-seo-wordpress\/ -->\n<title>Z\u00fcndstoff Maischeg\u00e4rung EN - Weingut Martin &amp; Ulli Diwald<\/title>\n<meta name=\"robots\" content=\"index, follow, max-snippet:-1, max-image-preview:large, max-video-preview:-1\" \/>\n<link rel=\"canonical\" href=\"https:\/\/www.weingut-diwald.at\/de\/home\/en\/our-wines\/gruener-veltliner-en\/zuendstoff-maischegaerung-en\/\" \/>\n<meta property=\"og:locale\" content=\"de_DE\" \/>\n<meta property=\"og:type\" content=\"article\" \/>\n<meta property=\"og:title\" content=\"Z\u00fcndstoff Maischeg\u00e4rung EN - Weingut Martin &amp; Ulli Diwald\" \/>\n<meta property=\"og:url\" content=\"https:\/\/www.weingut-diwald.at\/de\/home\/en\/our-wines\/gruener-veltliner-en\/zuendstoff-maischegaerung-en\/\" \/>\n<meta property=\"og:site_name\" content=\"Weingut Martin &amp; Ulli Diwald\" \/>\n<meta property=\"article:publisher\" content=\"https:\/\/www.facebook.com\/diwald.at\/\" \/>\n<meta property=\"article:modified_time\" content=\"2025-02-26T09:34:44+00:00\" \/>\n<meta property=\"og:image\" content=\"https:\/\/www.weingut-diwald.at\/wp-content\/uploads\/2015\/12\/Bioweingut_Diwald_Weinberg.jpg\" \/>\n\t<meta property=\"og:image:width\" content=\"1000\" \/>\n\t<meta property=\"og:image:height\" content=\"576\" \/>\n\t<meta property=\"og:image:type\" content=\"image\/jpeg\" \/>\n<meta name=\"twitter:card\" content=\"summary_large_image\" \/>\n<meta name=\"twitter:label1\" content=\"Gesch\u00e4tzte Lesezeit\" \/>\n\t<meta name=\"twitter:data1\" content=\"3\u00a0Minuten\" \/>\n<script type=\"application\/ld+json\" class=\"yoast-schema-graph\">{\"@context\":\"https:\/\/schema.org\",\"@graph\":[{\"@type\":\"WebPage\",\"@id\":\"https:\/\/www.weingut-diwald.at\/de\/home\/en\/our-wines\/gruener-veltliner-en\/zuendstoff-maischegaerung-en\/\",\"url\":\"https:\/\/www.weingut-diwald.at\/de\/home\/en\/our-wines\/gruener-veltliner-en\/zuendstoff-maischegaerung-en\/\",\"name\":\"Z\u00fcndstoff Maischeg\u00e4rung EN - Weingut Martin &amp; Ulli Diwald\",\"isPartOf\":{\"@id\":\"https:\/\/www.weingut-diwald.at\/de\/home\/#website\"},\"datePublished\":\"2019-03-15T21:24:42+00:00\",\"dateModified\":\"2025-02-26T09:34:44+00:00\",\"breadcrumb\":{\"@id\":\"https:\/\/www.weingut-diwald.at\/de\/home\/en\/our-wines\/gruener-veltliner-en\/zuendstoff-maischegaerung-en\/#breadcrumb\"},\"inLanguage\":\"de\",\"potentialAction\":[{\"@type\":\"ReadAction\",\"target\":[\"https:\/\/www.weingut-diwald.at\/de\/home\/en\/our-wines\/gruener-veltliner-en\/zuendstoff-maischegaerung-en\/\"]}]},{\"@type\":\"BreadcrumbList\",\"@id\":\"https:\/\/www.weingut-diwald.at\/de\/home\/en\/our-wines\/gruener-veltliner-en\/zuendstoff-maischegaerung-en\/#breadcrumb\",\"itemListElement\":[{\"@type\":\"ListItem\",\"position\":1,\"name\":\"Start\",\"item\":\"https:\/\/www.weingut-diwald.at\/de\/home\/\"},{\"@type\":\"ListItem\",\"position\":2,\"name\":\"Wines\",\"item\":\"https:\/\/www.weingut-diwald.at\/de\/home\/en\/our-wines\/\"},{\"@type\":\"ListItem\",\"position\":3,\"name\":\"Gruener Veltliner\",\"item\":\"https:\/\/www.weingut-diwald.at\/de\/home\/en\/our-wines\/gruener-veltliner-en\/\"},{\"@type\":\"ListItem\",\"position\":4,\"name\":\"Z\u00fcndstoff Maischeg\u00e4rung EN\"}]},{\"@type\":\"WebSite\",\"@id\":\"https:\/\/www.weingut-diwald.at\/de\/home\/#website\",\"url\":\"https:\/\/www.weingut-diwald.at\/de\/home\/\",\"name\":\"Weingut Martin & Ulli Diwald\",\"description\":\"Biologischer Weinbau seit 1976\",\"publisher\":{\"@id\":\"https:\/\/www.weingut-diwald.at\/de\/home\/#organization\"},\"potentialAction\":[{\"@type\":\"SearchAction\",\"target\":{\"@type\":\"EntryPoint\",\"urlTemplate\":\"https:\/\/www.weingut-diwald.at\/de\/home\/?s={search_term_string}\"},\"query-input\":{\"@type\":\"PropertyValueSpecification\",\"valueRequired\":true,\"valueName\":\"search_term_string\"}}],\"inLanguage\":\"de\"},{\"@type\":\"Organization\",\"@id\":\"https:\/\/www.weingut-diwald.at\/de\/home\/#organization\",\"name\":\"Weingut Martin & Ulli Diwald\",\"url\":\"https:\/\/www.weingut-diwald.at\/de\/home\/\",\"logo\":{\"@type\":\"ImageObject\",\"inLanguage\":\"de\",\"@id\":\"https:\/\/www.weingut-diwald.at\/de\/home\/#\/schema\/logo\/image\/\",\"url\":\"https:\/\/www.weingut-diwald.at\/wp-content\/uploads\/2015\/12\/Diwald_Logo_Enfold.jpg\",\"contentUrl\":\"https:\/\/www.weingut-diwald.at\/wp-content\/uploads\/2015\/12\/Diwald_Logo_Enfold.jpg\",\"width\":257,\"height\":156,\"caption\":\"Weingut Martin & Ulli Diwald\"},\"image\":{\"@id\":\"https:\/\/www.weingut-diwald.at\/de\/home\/#\/schema\/logo\/image\/\"},\"sameAs\":[\"https:\/\/www.facebook.com\/diwald.at\/\",\"https:\/\/www.instagram.com\/diwald.at\/\"]}]}<\/script>\n<!-- \/ Yoast SEO plugin. -->","yoast_head_json":{"title":"Z\u00fcndstoff Maischeg\u00e4rung EN - Weingut Martin &amp; Ulli Diwald","robots":{"index":"index","follow":"follow","max-snippet":"max-snippet:-1","max-image-preview":"max-image-preview:large","max-video-preview":"max-video-preview:-1"},"canonical":"https:\/\/www.weingut-diwald.at\/de\/home\/en\/our-wines\/gruener-veltliner-en\/zuendstoff-maischegaerung-en\/","og_locale":"de_DE","og_type":"article","og_title":"Z\u00fcndstoff Maischeg\u00e4rung EN - Weingut Martin &amp; Ulli Diwald","og_url":"https:\/\/www.weingut-diwald.at\/de\/home\/en\/our-wines\/gruener-veltliner-en\/zuendstoff-maischegaerung-en\/","og_site_name":"Weingut Martin &amp; Ulli Diwald","article_publisher":"https:\/\/www.facebook.com\/diwald.at\/","article_modified_time":"2025-02-26T09:34:44+00:00","og_image":[{"width":1000,"height":576,"url":"https:\/\/www.weingut-diwald.at\/wp-content\/uploads\/2015\/12\/Bioweingut_Diwald_Weinberg.jpg","type":"image\/jpeg"}],"twitter_card":"summary_large_image","twitter_misc":{"Gesch\u00e4tzte Lesezeit":"3\u00a0Minuten"},"schema":{"@context":"https:\/\/schema.org","@graph":[{"@type":"WebPage","@id":"https:\/\/www.weingut-diwald.at\/de\/home\/en\/our-wines\/gruener-veltliner-en\/zuendstoff-maischegaerung-en\/","url":"https:\/\/www.weingut-diwald.at\/de\/home\/en\/our-wines\/gruener-veltliner-en\/zuendstoff-maischegaerung-en\/","name":"Z\u00fcndstoff Maischeg\u00e4rung EN - Weingut Martin &amp; Ulli Diwald","isPartOf":{"@id":"https:\/\/www.weingut-diwald.at\/de\/home\/#website"},"datePublished":"2019-03-15T21:24:42+00:00","dateModified":"2025-02-26T09:34:44+00:00","breadcrumb":{"@id":"https:\/\/www.weingut-diwald.at\/de\/home\/en\/our-wines\/gruener-veltliner-en\/zuendstoff-maischegaerung-en\/#breadcrumb"},"inLanguage":"de","potentialAction":[{"@type":"ReadAction","target":["https:\/\/www.weingut-diwald.at\/de\/home\/en\/our-wines\/gruener-veltliner-en\/zuendstoff-maischegaerung-en\/"]}]},{"@type":"BreadcrumbList","@id":"https:\/\/www.weingut-diwald.at\/de\/home\/en\/our-wines\/gruener-veltliner-en\/zuendstoff-maischegaerung-en\/#breadcrumb","itemListElement":[{"@type":"ListItem","position":1,"name":"Start","item":"https:\/\/www.weingut-diwald.at\/de\/home\/"},{"@type":"ListItem","position":2,"name":"Wines","item":"https:\/\/www.weingut-diwald.at\/de\/home\/en\/our-wines\/"},{"@type":"ListItem","position":3,"name":"Gruener Veltliner","item":"https:\/\/www.weingut-diwald.at\/de\/home\/en\/our-wines\/gruener-veltliner-en\/"},{"@type":"ListItem","position":4,"name":"Z\u00fcndstoff Maischeg\u00e4rung EN"}]},{"@type":"WebSite","@id":"https:\/\/www.weingut-diwald.at\/de\/home\/#website","url":"https:\/\/www.weingut-diwald.at\/de\/home\/","name":"Weingut Martin & Ulli Diwald","description":"Biologischer Weinbau seit 1976","publisher":{"@id":"https:\/\/www.weingut-diwald.at\/de\/home\/#organization"},"potentialAction":[{"@type":"SearchAction","target":{"@type":"EntryPoint","urlTemplate":"https:\/\/www.weingut-diwald.at\/de\/home\/?s={search_term_string}"},"query-input":{"@type":"PropertyValueSpecification","valueRequired":true,"valueName":"search_term_string"}}],"inLanguage":"de"},{"@type":"Organization","@id":"https:\/\/www.weingut-diwald.at\/de\/home\/#organization","name":"Weingut Martin & Ulli Diwald","url":"https:\/\/www.weingut-diwald.at\/de\/home\/","logo":{"@type":"ImageObject","inLanguage":"de","@id":"https:\/\/www.weingut-diwald.at\/de\/home\/#\/schema\/logo\/image\/","url":"https:\/\/www.weingut-diwald.at\/wp-content\/uploads\/2015\/12\/Diwald_Logo_Enfold.jpg","contentUrl":"https:\/\/www.weingut-diwald.at\/wp-content\/uploads\/2015\/12\/Diwald_Logo_Enfold.jpg","width":257,"height":156,"caption":"Weingut Martin & Ulli Diwald"},"image":{"@id":"https:\/\/www.weingut-diwald.at\/de\/home\/#\/schema\/logo\/image\/"},"sameAs":["https:\/\/www.facebook.com\/diwald.at\/","https:\/\/www.instagram.com\/diwald.at\/"]}]}},"_links":{"self":[{"href":"https:\/\/www.weingut-diwald.at\/de\/home\/wp-json\/wp\/v2\/pages\/3787","targetHints":{"allow":["GET"]}}],"collection":[{"href":"https:\/\/www.weingut-diwald.at\/de\/home\/wp-json\/wp\/v2\/pages"}],"about":[{"href":"https:\/\/www.weingut-diwald.at\/de\/home\/wp-json\/wp\/v2\/types\/page"}],"author":[{"embeddable":true,"href":"https:\/\/www.weingut-diwald.at\/de\/home\/wp-json\/wp\/v2\/users\/1"}],"replies":[{"embeddable":true,"href":"https:\/\/www.weingut-diwald.at\/de\/home\/wp-json\/wp\/v2\/comments?post=3787"}],"version-history":[{"count":8,"href":"https:\/\/www.weingut-diwald.at\/de\/home\/wp-json\/wp\/v2\/pages\/3787\/revisions"}],"predecessor-version":[{"id":5418,"href":"https:\/\/www.weingut-diwald.at\/de\/home\/wp-json\/wp\/v2\/pages\/3787\/revisions\/5418"}],"up":[{"embeddable":true,"href":"https:\/\/www.weingut-diwald.at\/de\/home\/wp-json\/wp\/v2\/pages\/3799"}],"wp:attachment":[{"href":"https:\/\/www.weingut-diwald.at\/de\/home\/wp-json\/wp\/v2\/media?parent=3787"}],"curies":[{"name":"wp","href":"https:\/\/api.w.org\/{rel}","templated":true}]}}